{"id":6668,"date":"2025-08-11T00:58:44","date_gmt":"2025-08-10T22:58:44","guid":{"rendered":"https:\/\/vilavillage.com\/reservas\/"},"modified":"2025-09-22T23:34:50","modified_gmt":"2025-09-22T21:34:50","slug":"reservas","status":"publish","type":"page","link":"https:\/\/vilavillage.com\/ca\/reservas\/","title":{"rendered":"Reservas"},"content":{"rendered":"\t\t<div data-elementor-type=\"wp-page\" data-elementor-id=\"6668\" class=\"elementor elementor-6668 elementor-4950\" data-elementor-post-type=\"page\">\n\t\t\t\t<div class=\"elementor-element elementor-element-986df36 e-grid e-con-boxed e-con e-parent\" data-id=\"986df36\" data-element_type=\"container\">\n\t\t\t\t\t<div class=\"e-con-inner\">\n\t\t\t\t<div class=\"elementor-element elementor-element-ab7893d elementor-position-top elementor-widget elementor-widget-image-box\" data-id=\"ab7893d\" data-element_type=\"widget\" data-widget_type=\"image-box.default\">\n\t\t\t\t\t<div class=\"elementor-image-box-wrapper\"><figure class=\"elementor-image-box-img\"><img fetchpriority=\"high\" decoding=\"async\" width=\"1905\" height=\"645\" src=\"https:\/\/vilavillage.com\/wp-content\/uploads\/2025\/08\/Padel2.png\" class=\"attachment-full size-full wp-image-4803\" alt=\"\" srcset=\"https:\/\/vilavillage.com\/wp-content\/uploads\/2025\/08\/Padel2.png 1905w, https:\/\/vilavillage.com\/wp-content\/uploads\/2025\/08\/Padel2-300x102.png 300w, https:\/\/vilavillage.com\/wp-content\/uploads\/2025\/08\/Padel2-1024x347.png 1024w, https:\/\/vilavillage.com\/wp-content\/uploads\/2025\/08\/Padel2-768x260.png 768w, https:\/\/vilavillage.com\/wp-content\/uploads\/2025\/08\/Padel2-1536x520.png 1536w, https:\/\/vilavillage.com\/wp-content\/uploads\/2025\/08\/Padel2-600x203.png 600w\" sizes=\"(max-width: 1905px) 100vw, 1905px\" \/><\/figure><div class=\"elementor-image-box-content\"><h3 class=\"elementor-image-box-title\">Reserva Est\u00e0ncia<\/h3><\/div><\/div>\t\t\t\t<\/div>\n\t\t\t\t<div class=\"elementor-element elementor-element-d319314 elementor-position-top elementor-widget elementor-widget-image-box\" data-id=\"d319314\" data-element_type=\"widget\" data-widget_type=\"image-box.default\">\n\t\t\t\t\t<div class=\"elementor-image-box-wrapper\"><figure class=\"elementor-image-box-img\"><img decoding=\"async\" width=\"565\" height=\"198\" src=\"https:\/\/vilavillage.com\/wp-content\/uploads\/2025\/08\/imgi_21_banner-partidas.jpg\" class=\"attachment-full size-full wp-image-4799\" alt=\"\" srcset=\"https:\/\/vilavillage.com\/wp-content\/uploads\/2025\/08\/imgi_21_banner-partidas.jpg 565w, https:\/\/vilavillage.com\/wp-content\/uploads\/2025\/08\/imgi_21_banner-partidas-300x105.jpg 300w\" sizes=\"(max-width: 565px) 100vw, 565px\" \/><\/figure><div class=\"elementor-image-box-content\"><h3 class=\"elementor-image-box-title\">Reserva Pista<\/h3><\/div><\/div>\t\t\t\t<\/div>\n\t\t\t\t<div class=\"elementor-element elementor-element-05ae13e elementor-position-top elementor-widget elementor-widget-image-box\" data-id=\"05ae13e\" data-element_type=\"widget\" data-widget_type=\"image-box.default\">\n\t\t\t\t\t<div class=\"elementor-image-box-wrapper\"><figure class=\"elementor-image-box-img\"><img decoding=\"async\" width=\"488\" height=\"470\" src=\"https:\/\/vilavillage.com\/wp-content\/uploads\/2025\/08\/Montmar.png\" class=\"attachment-full size-full wp-image-4884\" alt=\"\" srcset=\"https:\/\/vilavillage.com\/wp-content\/uploads\/2025\/08\/Montmar.png 488w, https:\/\/vilavillage.com\/wp-content\/uploads\/2025\/08\/Montmar-300x289.png 300w\" sizes=\"(max-width: 488px) 100vw, 488px\" \/><\/figure><div class=\"elementor-image-box-content\"><h3 class=\"elementor-image-box-title\">Reserva Taula<\/h3><\/div><\/div>\t\t\t\t<\/div>\n\t\t\t\t\t<\/div>\n\t\t\t\t<\/div>\n\t\t\t\t<\/div>\n\t\t","protected":false},"excerpt":{"rendered":"<p>Reserva Est\u00e0ncia Reserva Pista Reserva Taula<\/p>\n","protected":false},"author":1,"featured_media":0,"parent":0,"menu_order":0,"comment_status":"closed","ping_status":"closed","template":"elementor_header_footer","meta":{"_joinchat":[],"footnotes":""},"class_list":["post-6668","page","type-page","status-publish","hentry"],"yoast_head":"<!-- This site is optimized with the Yoast SEO plugin v25.9 - https:\/\/yoast.com\/wordpress\/plugins\/seo\/ -->\n<title>Reservas - C\u00e0mping - P\u00e0del Vila Village<\/title>\n<meta name=\"robots\" content=\"index, follow, max-snippet:-1, max-image-preview:large, max-video-preview:-1\" \/>\n<link rel=\"canonical\" href=\"https:\/\/vilavillage.com\/ca\/reservas\/\" \/>\n<meta property=\"og:locale\" content=\"ca_ES\" \/>\n<meta property=\"og:type\" content=\"article\" \/>\n<meta property=\"og:title\" content=\"Reservas - C\u00e0mping - P\u00e0del Vila Village\" \/>\n<meta property=\"og:description\" content=\"Reserva Est\u00e0ncia Reserva Pista Reserva Taula\" \/>\n<meta property=\"og:url\" content=\"https:\/\/vilavillage.com\/ca\/reservas\/\" \/>\n<meta property=\"og:site_name\" content=\"C\u00e0mping - P\u00e0del Vila Village\" \/>\n<meta property=\"article:modified_time\" content=\"2025-09-22T21:34:50+00:00\" \/>\n<meta property=\"og:image\" content=\"https:\/\/vilavillage.com\/wp-content\/uploads\/2025\/08\/Padel2.png\" \/>\n\t<meta property=\"og:image:width\" content=\"1905\" \/>\n\t<meta property=\"og:image:height\" content=\"645\" \/>\n\t<meta property=\"og:image:type\" content=\"image\/png\" \/>\n<meta name=\"twitter:card\" content=\"summary_large_image\" \/>\n<script type=\"application\/ld+json\" class=\"yoast-schema-graph\">{\"@context\":\"https:\/\/schema.org\",\"@graph\":[{\"@type\":\"WebPage\",\"@id\":\"https:\/\/vilavillage.com\/ca\/reservas\/\",\"url\":\"https:\/\/vilavillage.com\/ca\/reservas\/\",\"name\":\"Reservas - C\u00e0mping - P\u00e0del Vila Village\",\"isPartOf\":{\"@id\":\"https:\/\/vilavillage.com\/#website\"},\"primaryImageOfPage\":{\"@id\":\"https:\/\/vilavillage.com\/ca\/reservas\/#primaryimage\"},\"image\":{\"@id\":\"https:\/\/vilavillage.com\/ca\/reservas\/#primaryimage\"},\"thumbnailUrl\":\"https:\/\/vilavillage.com\/wp-content\/uploads\/2025\/08\/Padel2.png\",\"datePublished\":\"2025-08-10T22:58:44+00:00\",\"dateModified\":\"2025-09-22T21:34:50+00:00\",\"breadcrumb\":{\"@id\":\"https:\/\/vilavillage.com\/ca\/reservas\/#breadcrumb\"},\"inLanguage\":\"ca\",\"potentialAction\":[{\"@type\":\"ReadAction\",\"target\":[\"https:\/\/vilavillage.com\/ca\/reservas\/\"]}]},{\"@type\":\"ImageObject\",\"inLanguage\":\"ca\",\"@id\":\"https:\/\/vilavillage.com\/ca\/reservas\/#primaryimage\",\"url\":\"https:\/\/vilavillage.com\/wp-content\/uploads\/2025\/08\/Padel2.png\",\"contentUrl\":\"https:\/\/vilavillage.com\/wp-content\/uploads\/2025\/08\/Padel2.png\"},{\"@type\":\"BreadcrumbList\",\"@id\":\"https:\/\/vilavillage.com\/ca\/reservas\/#breadcrumb\",\"itemListElement\":[{\"@type\":\"ListItem\",\"position\":1,\"name\":\"Portada\",\"item\":\"https:\/\/vilavillage.com\/ca\/\"},{\"@type\":\"ListItem\",\"position\":2,\"name\":\"Reservas\"}]},{\"@type\":\"WebSite\",\"@id\":\"https:\/\/vilavillage.com\/#website\",\"url\":\"https:\/\/vilavillage.com\/\",\"name\":\"C\u00e0mping - P\u00e0del Vila Village\",\"description\":\"\",\"potentialAction\":[{\"@type\":\"SearchAction\",\"target\":{\"@type\":\"EntryPoint\",\"urlTemplate\":\"https:\/\/vilavillage.com\/?s={search_term_string}\"},\"query-input\":{\"@type\":\"PropertyValueSpecification\",\"valueRequired\":true,\"valueName\":\"search_term_string\"}}],\"inLanguage\":\"ca\"}]}<\/script>\n<!-- \/ Yoast SEO plugin. -->","yoast_head_json":{"title":"Reservas - C\u00e0mping - P\u00e0del Vila Village","robots":{"index":"index","follow":"follow","max-snippet":"max-snippet:-1","max-image-preview":"max-image-preview:large","max-video-preview":"max-video-preview:-1"},"canonical":"https:\/\/vilavillage.com\/ca\/reservas\/","og_locale":"ca_ES","og_type":"article","og_title":"Reservas - C\u00e0mping - P\u00e0del Vila Village","og_description":"Reserva Est\u00e0ncia Reserva Pista Reserva Taula","og_url":"https:\/\/vilavillage.com\/ca\/reservas\/","og_site_name":"C\u00e0mping - P\u00e0del Vila Village","article_modified_time":"2025-09-22T21:34:50+00:00","og_image":[{"width":1905,"height":645,"url":"https:\/\/vilavillage.com\/wp-content\/uploads\/2025\/08\/Padel2.png","type":"image\/png"}],"twitter_card":"summary_large_image","schema":{"@context":"https:\/\/schema.org","@graph":[{"@type":"WebPage","@id":"https:\/\/vilavillage.com\/ca\/reservas\/","url":"https:\/\/vilavillage.com\/ca\/reservas\/","name":"Reservas - C\u00e0mping - P\u00e0del Vila Village","isPartOf":{"@id":"https:\/\/vilavillage.com\/#website"},"primaryImageOfPage":{"@id":"https:\/\/vilavillage.com\/ca\/reservas\/#primaryimage"},"image":{"@id":"https:\/\/vilavillage.com\/ca\/reservas\/#primaryimage"},"thumbnailUrl":"https:\/\/vilavillage.com\/wp-content\/uploads\/2025\/08\/Padel2.png","datePublished":"2025-08-10T22:58:44+00:00","dateModified":"2025-09-22T21:34:50+00:00","breadcrumb":{"@id":"https:\/\/vilavillage.com\/ca\/reservas\/#breadcrumb"},"inLanguage":"ca","potentialAction":[{"@type":"ReadAction","target":["https:\/\/vilavillage.com\/ca\/reservas\/"]}]},{"@type":"ImageObject","inLanguage":"ca","@id":"https:\/\/vilavillage.com\/ca\/reservas\/#primaryimage","url":"https:\/\/vilavillage.com\/wp-content\/uploads\/2025\/08\/Padel2.png","contentUrl":"https:\/\/vilavillage.com\/wp-content\/uploads\/2025\/08\/Padel2.png"},{"@type":"BreadcrumbList","@id":"https:\/\/vilavillage.com\/ca\/reservas\/#breadcrumb","itemListElement":[{"@type":"ListItem","position":1,"name":"Portada","item":"https:\/\/vilavillage.com\/ca\/"},{"@type":"ListItem","position":2,"name":"Reservas"}]},{"@type":"WebSite","@id":"https:\/\/vilavillage.com\/#website","url":"https:\/\/vilavillage.com\/","name":"C\u00e0mping - P\u00e0del Vila Village","description":"","potentialAction":[{"@type":"SearchAction","target":{"@type":"EntryPoint","urlTemplate":"https:\/\/vilavillage.com\/?s={search_term_string}"},"query-input":{"@type":"PropertyValueSpecification","valueRequired":true,"valueName":"search_term_string"}}],"inLanguage":"ca"}]}},"_links":{"self":[{"href":"https:\/\/vilavillage.com\/ca\/wp-json\/wp\/v2\/pages\/6668","targetHints":{"allow":["GET"]}}],"collection":[{"href":"https:\/\/vilavillage.com\/ca\/wp-json\/wp\/v2\/pages"}],"about":[{"href":"https:\/\/vilavillage.com\/ca\/wp-json\/wp\/v2\/types\/page"}],"author":[{"embeddable":true,"href":"https:\/\/vilavillage.com\/ca\/wp-json\/wp\/v2\/users\/1"}],"replies":[{"embeddable":true,"href":"https:\/\/vilavillage.com\/ca\/wp-json\/wp\/v2\/comments?post=6668"}],"version-history":[{"count":1,"href":"https:\/\/vilavillage.com\/ca\/wp-json\/wp\/v2\/pages\/6668\/revisions"}],"predecessor-version":[{"id":6670,"href":"https:\/\/vilavillage.com\/ca\/wp-json\/wp\/v2\/pages\/6668\/revisions\/6670"}],"wp:attachment":[{"href":"https:\/\/vilavillage.com\/ca\/wp-json\/wp\/v2\/media?parent=6668"}],"curies":[{"name":"wp","href":"https:\/\/api.w.org\/{rel}","templated":true}]}}