{"id":6515,"date":"2023-03-14T10:02:04","date_gmt":"2023-03-14T09:02:04","guid":{"rendered":"https:\/\/vilavillage.com\/contacte\/"},"modified":"2025-11-11T20:54:54","modified_gmt":"2025-11-11T19:54:54","slug":"contacte","status":"publish","type":"page","link":"https:\/\/vilavillage.com\/ca\/contacte\/","title":{"rendered":"Contacte"},"content":{"rendered":"\t\t<div data-elementor-type=\"wp-page\" data-elementor-id=\"6515\" class=\"elementor elementor-6515 elementor-29\" data-elementor-post-type=\"page\">\n\t\t\t\t<div class=\"elementor-element elementor-element-25fe155 e-con-full e-flex e-con e-parent\" data-id=\"25fe155\" data-element_type=\"container\" data-settings=\"{&quot;motion_fx_motion_fx_scrolling&quot;:&quot;yes&quot;,&quot;motion_fx_motion_fx_mouse&quot;:&quot;yes&quot;,&quot;motion_fx_devices&quot;:[&quot;desktop&quot;,&quot;tablet&quot;,&quot;mobile&quot;]}\">\n\t\t\t\t<div class=\"elementor-element elementor-element-6c2f286 elementor-widget elementor-widget-slider_revolution\" data-id=\"6c2f286\" data-element_type=\"widget\" data-widget_type=\"slider_revolution.default\">\n\t\t\t\t\t\n\t\t<div class=\"wp-block-themepunch-revslider\">\n\t\t\t<!-- START Contacta REVOLUTION SLIDER 6.7.3 --><p class=\"rs-p-wp-fix\"><\/p>\n\t\t\t<rs-module-wrap id=\"rev_slider_99_1_wrapper\" data-source=\"gallery\" style=\"visibility:hidden;background:transparent;padding:0;margin:0px auto;margin-top:0;margin-bottom:0;\">\n\t\t\t\t<rs-module id=\"rev_slider_99_1\" style=\"\" data-version=\"6.7.3\">\n\t\t\t\t\t<rs-slides style=\"overflow: hidden; position: absolute;\">\n\t\t\t\t\t\t<rs-slide style=\"position: absolute;\" data-key=\"rs-294\" data-title=\"Slide\" data-anim=\"e:slidingoverlay;ms:2000;\" data-in=\"o:1;x:(100%);\" data-out=\"a:false;\">\n\t\t\t\t\t\t\t<img fetchpriority=\"high\" decoding=\"async\" src=\"\/\/vilavillage.com\/wp-content\/plugins\/revslider\/sr6\/assets\/assets\/dummy.png\" alt=\"\" title=\"pexels-jeshoots-4831 (1)\" width=\"1368\" height=\"912\" class=\"rev-slidebg tp-rs-img rs-lazyload\" data-lazyload=\"\/\/vilavillage.com\/wp-content\/uploads\/2025\/08\/pexels-jeshoots-4831-1.jpg\" data-bg=\"p:left center;\" data-no-retina>\n<!--\n\t\t\t\t\t\t\t--><rs-layer\n\t\t\t\t\t\t\t\tid=\"slider-99-slide-294-layer-1\" \n\t\t\t\t\t\t\t\tclass=\"tp-shape tp-shapewrapper\"\n\t\t\t\t\t\t\t\tdata-type=\"shape\"\n\t\t\t\t\t\t\t\tdata-rsp_ch=\"on\"\n\t\t\t\t\t\t\t\tdata-xy=\"x:c;xo:2px;y:m;\"\n\t\t\t\t\t\t\t\tdata-text=\"fw:100;a:inherit;\"\n\t\t\t\t\t\t\t\tdata-dim=\"w:1920px;h:100%;\"\n\t\t\t\t\t\t\t\tdata-frame_1=\"sR:10;\"\n\t\t\t\t\t\t\t\tdata-frame_999=\"o:0;st:w;sR:8690;\"\n\t\t\t\t\t\t\t\tstyle=\"z-index:6;background-color:rgba(16,17,31,0.5);\"\n\t\t\t\t\t\t\t> \n\t\t\t\t\t\t\t<\/rs-layer><!--\n\n\t\t\t\t\t\t\t--><rs-layer\n\t\t\t\t\t\t\t\tid=\"slider-99-slide-294-layer-2\" \n\t\t\t\t\t\t\t\tdata-type=\"text\"\n\t\t\t\t\t\t\t\tdata-color=\"rgba(255, 255, 255, 0.53)||rgba(255, 255, 255, 0.53)||rgba(255, 255, 255, 0.1)||rgba(255, 255, 255, 0.67)\"\n\t\t\t\t\t\t\t\tdata-rsp_ch=\"on\"\n\t\t\t\t\t\t\t\tdata-xy=\"x:c;xo:-7px,-7px,0,0;yo:172px,172px,461px,90px;\"\n\t\t\t\t\t\t\t\tdata-text=\"s:205,205,257,75;l:22;ls:-6px,-6px,50px,2px;fw:800,800,400,600;a:center,center,inherit,inherit;\"\n\t\t\t\t\t\t\t\tdata-frame_0=\"x:left;o:1;\"\n\t\t\t\t\t\t\t\tdata-frame_1=\"st:1340;sp:1660;sR:1340;\"\n\t\t\t\t\t\t\t\tdata-frame_999=\"o:0;st:w;sR:6000;\"\n\t\t\t\t\t\t\t\tstyle=\"z-index:7;font-family:'Montserrat';\"\n\t\t\t\t\t\t\t>CONTACTA \n\t\t\t\t\t\t\t<\/rs-layer><!--\n-->\t\t\t\t\t<\/rs-slide>\n\t\t\t\t\t<\/rs-slides>\n\t\t\t\t<\/rs-module>\n\t\t\t\t<script>\n\t\t\t\t\tsetREVStartSize({c: 'rev_slider_99_1',rl:[1240,1024,778,480],el:[370,768,960,200],gw:[1240,1024,778,480],gh:[370,720,960,200],type:'standard',justify:'',layout:'fullwidth',mh:\"0\"});if (window.RS_MODULES!==undefined && window.RS_MODULES.modules!==undefined && window.RS_MODULES.modules[\"revslider991\"]!==undefined) {window.RS_MODULES.modules[\"revslider991\"].once = false;window.revapi99 = undefined;if (window.RS_MODULES.checkMinimal!==undefined) window.RS_MODULES.checkMinimal()}\n\t\t\t\t<\/script>\n\t\t\t<\/rs-module-wrap>\n\t\t\t<!-- END REVOLUTION SLIDER -->\n<\/div>\n\n\t\t\t\t\t\t<\/div>\n\t\t\t\t<\/div>\n\t\t\t\t<section class=\"elementor-section elementor-top-section elementor-element elementor-element-7bec7d6 elementor-section-boxed elementor-section-height-default elementor-section-height-default\" data-id=\"7bec7d6\" data-element_type=\"section\" data-settings=\"{&quot;background_background&quot;:&quot;classic&quot;}\">\n\t\t\t\t\t\t\t<div class=\"elementor-background-overlay\"><\/div>\n\t\t\t\t\t\t\t<div class=\"elementor-container elementor-column-gap-no\">\n\t\t\t\t\t<div class=\"elementor-column elementor-col-50 elementor-top-column elementor-element elementor-element-7403535\" data-id=\"7403535\" data-element_type=\"column\">\n\t\t\t<div class=\"elementor-widget-wrap elementor-element-populated\">\n\t\t\t\t\t\t<div class=\"elementor-element elementor-element-dc69d2c elementor-widget elementor-widget-vedhak_elementor_heading\" data-id=\"dc69d2c\" data-element_type=\"widget\" data-widget_type=\"vedhak_elementor_heading.default\">\n\t\t\t\t<div class=\"elementor-widget-container\">\n\t\t\t\t\t\n\t\t\t<div class=\"ova-heading template1\">\n\n\t\t\t\t\n\t\t\t\t\n\t\t\t\t\t\n\t\t\t\t\t\t<h3 class=\"title\"><span class=\"title-bold\">Tens dubtes?\n<\/span><span class=\"title-normal\">Contacta amb nosaltres<\/span><\/h3>\n\n\t\t\t\t\t\n\n\t\t\t\t\t\t\t\t\t\n\t\t\t\t\n\t\t\t\t\n\t\t\t\t\t\n\t\t\t\t\n\t\t\t<\/div>\n\n\t\t\t\t\t\t<\/div>\n\t\t\t\t<\/div>\n\t\t\t\t<section class=\"elementor-section elementor-inner-section elementor-element elementor-element-d09f1c6 elementor-section-full_width elementor-section-height-default elementor-section-height-default\" data-id=\"d09f1c6\" data-element_type=\"section\">\n\t\t\t\t\t\t<div class=\"elementor-container elementor-column-gap-no\">\n\t\t\t\t\t<div class=\"elementor-column elementor-col-50 elementor-inner-column elementor-element elementor-element-85c1be4\" data-id=\"85c1be4\" data-element_type=\"column\">\n\t\t\t<div class=\"elementor-widget-wrap elementor-element-populated\">\n\t\t\t\t\t\t<div class=\"elementor-element elementor-element-c3e99c8 elementor-widget__width-auto elementor-widget elementor-widget-vedhak_elementor_contact_info\" data-id=\"c3e99c8\" data-element_type=\"widget\" data-widget_type=\"vedhak_elementor_contact_info.default\">\n\t\t\t\t<div class=\"elementor-widget-container\">\n\t\t\t\t\t\t\t\t<div class=\"ova-contact-info\">\n\t\t\t\t\n\t\t\t\t\t\t\t    \t<div class=\"icon\">\n\t\t\t\t\t\t<i aria-hidden=\"true\" class=\"ovaicon ovaicon-placeholder\"><\/i>\t\t\t\t\t<\/div>\n\t\t\t    \t\t\t\t\n\t\t\t\t<div class=\"contact\">\n\t\t\t\t\t\n\t\t\t\t\t\t\t\t\t\t\t<div class=\"label\">\n\t\t\t\t\t\t\tLocalitzaci\u00f3\t\t\t\t\t\t<\/div>\n\t\t\t\t\t\n\t\t\t\t\t<ul class=\"info\">\n\t\t\t\t\t\t\n\t\t\t\t\t\t\t\t<li class=\"item\">\n\t\t\t\t\t\t\t\t\t<a href=\"https:\/\/www.google.com\/\" target=\"_blank\" title=\"Carretera Comarcal 35 KM, 67. Hostalric (17451) Girona\">Carretera Comarcal 35 KM, 67. Hostalric (17451) Girona<\/a>\t\t\t\t\t\t\t\t<\/li>\n\t\t\t\t\t\t\t\n\t\t\t\t\t\t\t\t\t\t\t<\/ul>\n\n\t\t\t\t<\/div>\n\n\t\t\t<\/div>\n\n\t\t\t\t\t\t<\/div>\n\t\t\t\t<\/div>\n\t\t\t\t<div class=\"elementor-element elementor-element-083df25 elementor-widget__width-auto elementor-widget elementor-widget-vedhak_elementor_contact_info\" data-id=\"083df25\" data-element_type=\"widget\" data-widget_type=\"vedhak_elementor_contact_info.default\">\n\t\t\t\t<div class=\"elementor-widget-container\">\n\t\t\t\t\t\t\t\t<div class=\"ova-contact-info\">\n\t\t\t\t\n\t\t\t\t\t\t\t    \t<div class=\"icon\">\n\t\t\t\t\t\t<i aria-hidden=\"true\" class=\"ovaicon ovaicon-phone-call\"><\/i>\t\t\t\t\t<\/div>\n\t\t\t    \t\t\t\t\n\t\t\t\t<div class=\"contact\">\n\t\t\t\t\t\n\t\t\t\t\t\t\t\t\t\t\t<div class=\"label\">\n\t\t\t\t\t\t\tTel\u00e8fon\t\t\t\t\t\t<\/div>\n\t\t\t\t\t\n\t\t\t\t\t<ul class=\"info\">\n\t\t\t\t\t\t\n\t\t\t\t\t\t\t\t<li class=\"item\">\n\t\t\t\t\t\t\t\t\t\t\t\t\t\t\t\t\t\t\t\t\t<a href=\"tel:647 72 30 01 \" title=\"phone\">\n\t\t\t\t\t\t\t\t\t\t\t\t\t647 72 30 01\t\t\t\t\t\t\t\t\t\t\t\t<\/a>\n\t\t\t\t\t\t\t\t\t\t\t\t\t\t\t\t\t\t\t<\/li>\n\t\t\t\t\t\t\t\n\t\t\t\t\t\t\t\t\t\t\t<\/ul>\n\n\t\t\t\t<\/div>\n\n\t\t\t<\/div>\n\n\t\t\t\t\t\t<\/div>\n\t\t\t\t<\/div>\n\t\t\t\t\t<\/div>\n\t\t<\/div>\n\t\t\t\t<div class=\"elementor-column elementor-col-50 elementor-inner-column elementor-element elementor-element-8ce25de\" data-id=\"8ce25de\" data-element_type=\"column\">\n\t\t\t<div class=\"elementor-widget-wrap elementor-element-populated\">\n\t\t\t\t\t\t<div class=\"elementor-element elementor-element-959668d elementor-widget elementor-widget-vedhak_elementor_contact_info\" data-id=\"959668d\" data-element_type=\"widget\" data-widget_type=\"vedhak_elementor_contact_info.default\">\n\t\t\t\t<div class=\"elementor-widget-container\">\n\t\t\t\t\t\t\t\t<div class=\"ova-contact-info\">\n\t\t\t\t\n\t\t\t\t\t\t\t    \t<div class=\"icon\">\n\t\t\t\t\t\t<i aria-hidden=\"true\" class=\"ovaicon ovaicon-mail\"><\/i>\t\t\t\t\t<\/div>\n\t\t\t    \t\t\t\t\n\t\t\t\t<div class=\"contact\">\n\t\t\t\t\t\n\t\t\t\t\t\t\t\t\t\t\t<div class=\"label\">\n\t\t\t\t\t\t\tEmail\t\t\t\t\t\t<\/div>\n\t\t\t\t\t\n\t\t\t\t\t<ul class=\"info\">\n\t\t\t\t\t\t\n\t\t\t\t\t\t\t\t<li class=\"item\">\n\t\t\t\t\t\t\t\t\t\t\t\t\t\t\t\t\t\t\t\t\t<a href=\"mailto:info@vilavillage.com \" title=\"email\">\n\t\t\t\t\t\t\t\t\t\t\t\t\tinfo@vilavillage.com\t\t\t\t\t\t\t\t\t\t\t\t<\/a>\n\t\t\t\t\t\t\t\t\t\t\t\t\t\t\t\t\t\t\t<\/li>\n\t\t\t\t\t\t\t\n\t\t\t\t\t\t\t\t\t\t\t<\/ul>\n\n\t\t\t\t<\/div>\n\n\t\t\t<\/div>\n\n\t\t\t\t\t\t<\/div>\n\t\t\t\t<\/div>\n\t\t\t\t<div class=\"elementor-element elementor-element-aea1056 elementor-widget elementor-widget-vedhak_elementor_contact_info\" data-id=\"aea1056\" data-element_type=\"widget\" data-widget_type=\"vedhak_elementor_contact_info.default\">\n\t\t\t\t<div class=\"elementor-widget-container\">\n\t\t\t\t\t\t\t\t<div class=\"ova-contact-info\">\n\t\t\t\t\n\t\t\t\t\t\t\t    \t<div class=\"icon\">\n\t\t\t\t\t\t<i aria-hidden=\"true\" class=\"ovaicon ovaicon-shuffle\"><\/i>\t\t\t\t\t<\/div>\n\t\t\t    \t\t\t\t\n\t\t\t\t<div class=\"contact\">\n\t\t\t\t\t\n\t\t\t\t\t\t\t\t\t\t\t<div class=\"label\">\n\t\t\t\t\t\t\tSegueix-nos\t\t\t\t\t\t<\/div>\n\t\t\t\t\t\n\t\t\t\t\t<ul class=\"info\">\n\t\t\t\t\t\t\n\t\t\t\t\t\t\t\t<li class=\"item\">\n\t\t\t\t\t\t\t\t\t\t\t\t\t\t\t\t\t<\/li>\n\t\t\t\t\t\t\t\n\t\t\t\t\t\t\t\t\t\t\t<\/ul>\n\n\t\t\t\t<\/div>\n\n\t\t\t<\/div>\n\n\t\t\t\t\t\t<\/div>\n\t\t\t\t<\/div>\n\t\t\t\t<div class=\"elementor-element elementor-element-ad8c17b elementor-shape-circle elementor-widget__width-initial elementor-grid-0 elementor-widget elementor-widget-social-icons\" data-id=\"ad8c17b\" data-element_type=\"widget\" data-widget_type=\"social-icons.default\">\n\t\t\t\t\t\t\t<div class=\"elementor-social-icons-wrapper elementor-grid\" role=\"list\">\n\t\t\t\t\t\t\t<span class=\"elementor-grid-item\" role=\"listitem\">\n\t\t\t\t\t<a class=\"elementor-icon elementor-social-icon elementor-social-icon-facebook-f elementor-repeater-item-a94f909\" href=\"https:\/\/www.facebook.com\/Camping-Vila-Village-223465254365027\/\" target=\"_blank\">\n\t\t\t\t\t\t<span class=\"elementor-screen-only\">Facebook-f<\/span>\n\t\t\t\t\t\t<svg class=\"e-font-icon-svg e-fab-facebook-f\" viewBox=\"0 0 320 512\" xmlns=\"http:\/\/www.w3.org\/2000\/svg\"><path d=\"M279.14 288l14.22-92.66h-88.91v-60.13c0-25.35 12.42-50.06 52.24-50.06h40.42V6.26S260.43 0 225.36 0c-73.22 0-121.08 44.38-121.08 124.72v70.62H22.89V288h81.39v224h100.17V288z\"><\/path><\/svg>\t\t\t\t\t<\/a>\n\t\t\t\t<\/span>\n\t\t\t\t\t\t\t<span class=\"elementor-grid-item\" role=\"listitem\">\n\t\t\t\t\t<a class=\"elementor-icon elementor-social-icon elementor-social-icon-instagram elementor-repeater-item-f19c7bc\" href=\"https:\/\/www.instagram.com\/vilavillage\/\" target=\"_blank\">\n\t\t\t\t\t\t<span class=\"elementor-screen-only\">Instagram<\/span>\n\t\t\t\t\t\t<svg class=\"e-font-icon-svg e-fab-instagram\" viewBox=\"0 0 448 512\" xmlns=\"http:\/\/www.w3.org\/2000\/svg\"><path d=\"M224.1 141c-63.6 0-114.9 51.3-114.9 114.9s51.3 114.9 114.9 114.9S339 319.5 339 255.9 287.7 141 224.1 141zm0 189.6c-41.1 0-74.7-33.5-74.7-74.7s33.5-74.7 74.7-74.7 74.7 33.5 74.7 74.7-33.6 74.7-74.7 74.7zm146.4-194.3c0 14.9-12 26.8-26.8 26.8-14.9 0-26.8-12-26.8-26.8s12-26.8 26.8-26.8 26.8 12 26.8 26.8zm76.1 27.2c-1.7-35.9-9.9-67.7-36.2-93.9-26.2-26.2-58-34.4-93.9-36.2-37-2.1-147.9-2.1-184.9 0-35.8 1.7-67.6 9.9-93.9 36.1s-34.4 58-36.2 93.9c-2.1 37-2.1 147.9 0 184.9 1.7 35.9 9.9 67.7 36.2 93.9s58 34.4 93.9 36.2c37 2.1 147.9 2.1 184.9 0 35.9-1.7 67.7-9.9 93.9-36.2 26.2-26.2 34.4-58 36.2-93.9 2.1-37 2.1-147.8 0-184.8zM398.8 388c-7.8 19.6-22.9 34.7-42.6 42.6-29.5 11.7-99.5 9-132.1 9s-102.7 2.6-132.1-9c-19.6-7.8-34.7-22.9-42.6-42.6-11.7-29.5-9-99.5-9-132.1s-2.6-102.7 9-132.1c7.8-19.6 22.9-34.7 42.6-42.6 29.5-11.7 99.5-9 132.1-9s102.7-2.6 132.1 9c19.6 7.8 34.7 22.9 42.6 42.6 11.7 29.5 9 99.5 9 132.1s2.7 102.7-9 132.1z\"><\/path><\/svg>\t\t\t\t\t<\/a>\n\t\t\t\t<\/span>\n\t\t\t\t\t<\/div>\n\t\t\t\t\t\t<\/div>\n\t\t\t\t\t<\/div>\n\t\t<\/div>\n\t\t\t\t\t<\/div>\n\t\t<\/section>\n\t\t\t\t\t<\/div>\n\t\t<\/div>\n\t\t\t\t<div class=\"elementor-column elementor-col-50 elementor-top-column elementor-element elementor-element-6a42e79\" data-id=\"6a42e79\" data-element_type=\"column\" data-settings=\"{&quot;background_background&quot;:&quot;classic&quot;}\">\n\t\t\t<div class=\"elementor-widget-wrap elementor-element-populated\">\n\t\t\t\t\t\t<div class=\"elementor-element elementor-element-e400ad7 elementor-widget elementor-widget-heading\" data-id=\"e400ad7\" data-element_type=\"widget\" data-widget_type=\"heading.default\">\n\t\t\t\t\t<h2 class=\"elementor-heading-title elementor-size-default\">Envia'ns un missatge<\/h2>\t\t\t\t<\/div>\n\t\t\t\t<div class=\"elementor-element elementor-element-ee4a64c elementor-widget elementor-widget-text-editor\" data-id=\"ee4a64c\" data-element_type=\"widget\" data-widget_type=\"text-editor.default\">\n\t\t\t\t\t\t\t\t\t<p>Omple el seg\u00fcent formulari i ens posarem en contacte amb tu el m\u00e9s aviat possible.<\/p>\t\t\t\t\t\t\t\t<\/div>\n\t\t\t\t<div class=\"elementor-element elementor-element-1631921 elementor-button-align-stretch elementor-widget elementor-widget-form\" data-id=\"1631921\" data-element_type=\"widget\" data-settings=\"{&quot;step_next_label&quot;:&quot;Next&quot;,&quot;step_previous_label&quot;:&quot;Previous&quot;,&quot;button_width&quot;:&quot;100&quot;,&quot;step_type&quot;:&quot;number_text&quot;,&quot;step_icon_shape&quot;:&quot;circle&quot;}\" data-widget_type=\"form.default\">\n\t\t\t\t\t\t\t<form class=\"elementor-form\" method=\"post\" name=\"New Form\" aria-label=\"New Form\">\n\t\t\t<input type=\"hidden\" name=\"post_id\" value=\"6515\"\/>\n\t\t\t<input type=\"hidden\" name=\"form_id\" value=\"1631921\"\/>\n\t\t\t<input type=\"hidden\" name=\"referer_title\" value=\"Contacte - C\u00e0mping - P\u00e0del Vila Village\" \/>\n\n\t\t\t\t\t\t\t<input type=\"hidden\" name=\"queried_id\" value=\"6515\"\/>\n\t\t\t\n\t\t\t<div class=\"elementor-form-fields-wrapper elementor-labels-above\">\n\t\t\t\t\t\t\t\t<div class=\"elementor-field-type-text elementor-field-group elementor-column elementor-field-group-field_2c4fc77 elementor-col-50 elementor-field-required\">\n\t\t\t\t\t\t\t\t\t\t\t\t<label for=\"form-field-field_2c4fc77\" class=\"elementor-field-label\">\n\t\t\t\t\t\t\t\tNom\t\t\t\t\t\t\t<\/label>\n\t\t\t\t\t\t\t\t\t\t\t\t\t\t<input size=\"1\" type=\"text\" name=\"form_fields[field_2c4fc77]\" id=\"form-field-field_2c4fc77\" class=\"elementor-field elementor-size-sm  elementor-field-textual\" placeholder=\"Nom\" required=\"required\">\n\t\t\t\t\t\t\t\t\t\t\t<\/div>\n\t\t\t\t\t\t\t\t<div class=\"elementor-field-type-text elementor-field-group elementor-column elementor-field-group-field_d18ab20 elementor-col-50\">\n\t\t\t\t\t\t\t\t\t\t\t\t<label for=\"form-field-field_d18ab20\" class=\"elementor-field-label\">\n\t\t\t\t\t\t\t\tCognoms\t\t\t\t\t\t\t<\/label>\n\t\t\t\t\t\t\t\t\t\t\t\t\t\t<input size=\"1\" type=\"text\" name=\"form_fields[field_d18ab20]\" id=\"form-field-field_d18ab20\" class=\"elementor-field elementor-size-sm  elementor-field-textual\" placeholder=\"Cognoms\">\n\t\t\t\t\t\t\t\t\t\t\t<\/div>\n\t\t\t\t\t\t\t\t<div class=\"elementor-field-type-email elementor-field-group elementor-column elementor-field-group-email elementor-col-50 elementor-field-required\">\n\t\t\t\t\t\t\t\t\t\t\t\t<label for=\"form-field-email\" class=\"elementor-field-label\">\n\t\t\t\t\t\t\t\tEmail\t\t\t\t\t\t\t<\/label>\n\t\t\t\t\t\t\t\t\t\t\t\t\t\t<input size=\"1\" type=\"email\" name=\"form_fields[email]\" id=\"form-field-email\" class=\"elementor-field elementor-size-sm  elementor-field-textual\" placeholder=\"Email\" required=\"required\">\n\t\t\t\t\t\t\t\t\t\t\t<\/div>\n\t\t\t\t\t\t\t\t<div class=\"elementor-field-type-tel elementor-field-group elementor-column elementor-field-group-field_2642cdc elementor-col-50\">\n\t\t\t\t\t\t\t\t\t\t\t\t<label for=\"form-field-field_2642cdc\" class=\"elementor-field-label\">\n\t\t\t\t\t\t\t\tTel\u00e8fon\t\t\t\t\t\t\t<\/label>\n\t\t\t\t\t\t\t\t<input size=\"1\" type=\"tel\" name=\"form_fields[field_2642cdc]\" id=\"form-field-field_2642cdc\" class=\"elementor-field elementor-size-sm  elementor-field-textual\" placeholder=\"Tel\u00e8fon\" pattern=\"[0-9()#&amp;+*-=.]+\" title=\"Only numbers and phone characters (#, -, *, etc) are accepted.\">\n\n\t\t\t\t\t\t<\/div>\n\t\t\t\t\t\t\t\t<div class=\"elementor-field-type-textarea elementor-field-group elementor-column elementor-field-group-field_3b09dbd elementor-col-100 elementor-field-required\">\n\t\t\t\t\t\t\t\t\t\t\t\t<label for=\"form-field-field_3b09dbd\" class=\"elementor-field-label\">\n\t\t\t\t\t\t\t\tMissatge\t\t\t\t\t\t\t<\/label>\n\t\t\t\t\t\t<textarea class=\"elementor-field-textual elementor-field  elementor-size-sm\" name=\"form_fields[field_3b09dbd]\" id=\"form-field-field_3b09dbd\" rows=\"4\" placeholder=\"Missatge\" required=\"required\"><\/textarea>\t\t\t\t<\/div>\n\t\t\t\t\t\t\t\t<div class=\"elementor-field-type-acceptance elementor-field-group elementor-column elementor-field-group-field_d0a1c70 elementor-col-100 elementor-field-required\">\n\t\t\t\t\t\t\t<div class=\"elementor-field-subgroup\">\n\t\t\t<span class=\"elementor-field-option\">\n\t\t\t\t<input type=\"checkbox\" name=\"form_fields[field_d0a1c70]\" id=\"form-field-field_d0a1c70\" class=\"elementor-field elementor-size-sm  elementor-acceptance-field\" required=\"required\">\n\t\t\t\t<label for=\"form-field-field_d0a1c70\">He llegit i accepto la Pol\u00edtica de Privadesa i les Condicions d'\u00das<\/label>\t\t\t<\/span>\n\t\t<\/div>\n\t\t\t\t\t\t<\/div>\n\t\t\t\t\t\t\t\t<div class=\"elementor-field-group elementor-column elementor-field-type-submit elementor-col-100 e-form__buttons\">\n\t\t\t\t\t<button class=\"elementor-button elementor-size-md\" type=\"submit\">\n\t\t\t\t\t\t<span class=\"elementor-button-content-wrapper\">\n\t\t\t\t\t\t\t\t\t\t\t\t\t\t\t\t\t\t\t\t\t\t<span class=\"elementor-button-text\">Consultar<\/span>\n\t\t\t\t\t\t\t\t\t\t\t\t\t<\/span>\n\t\t\t\t\t<\/button>\n\t\t\t\t<\/div>\n\t\t\t<\/div>\n\t\t<\/form>\n\t\t\t\t\t\t<\/div>\n\t\t\t\t\t<\/div>\n\t\t<\/div>\n\t\t\t\t\t<\/div>\n\t\t<\/section>\n\t\t\t\t<section class=\"elementor-section elementor-top-section elementor-element elementor-element-4fca9f0 elementor-section-full_width elementor-section-height-default elementor-section-height-default\" data-id=\"4fca9f0\" data-element_type=\"section\">\n\t\t\t\t\t\t<div class=\"elementor-container elementor-column-gap-no\">\n\t\t\t\t\t<div class=\"elementor-column elementor-col-100 elementor-top-column elementor-element elementor-element-7af2fd0\" data-id=\"7af2fd0\" data-element_type=\"column\">\n\t\t\t<div class=\"elementor-widget-wrap elementor-element-populated\">\n\t\t\t\t\t\t<div class=\"elementor-element elementor-element-99d3fbf elementor-widget elementor-widget-google_maps\" data-id=\"99d3fbf\" data-element_type=\"widget\" data-widget_type=\"google_maps.default\">\n\t\t\t\t\t\t\t<div class=\"elementor-custom-embed\">\n\t\t\t<iframe loading=\"lazy\"\n\t\t\t\t\tsrc=\"https:\/\/maps.google.com\/maps?q=vila%20village&#038;t=m&#038;z=11&#038;output=embed&#038;iwloc=near\"\n\t\t\t\t\ttitle=\"vila village\"\n\t\t\t\t\taria-label=\"vila village\"\n\t\t\t><\/iframe>\n\t\t<\/div>\n\t\t\t\t\t\t<\/div>\n\t\t\t\t\t<\/div>\n\t\t<\/div>\n\t\t\t\t\t<\/div>\n\t\t<\/section>\n\t\t\t\t<\/div>\n\t\t","protected":false},"excerpt":{"rendered":"<p>Tens dubtes? Contacta amb nosaltres Localitzaci\u00f3 Carretera Comarcal 35 KM, 67. Hostalric (17451) Girona Tel\u00e8fon 647 72 30 01 Email info@vilavillage.com Segueix-nos Facebook-f Instagram Envia&#8217;ns un missatge Omple el seg\u00fcent formulari i ens posarem en contacte amb tu el m\u00e9s aviat possible.<\/p>\n","protected":false},"author":1,"featured_media":0,"parent":0,"menu_order":0,"comment_status":"closed","ping_status":"closed","template":"elementor_header_footer","meta":{"_joinchat":[],"footnotes":""},"class_list":["post-6515","page","type-page","status-publish","hentry"],"yoast_head":"<!-- This site is optimized with the Yoast SEO plugin v25.9 - https:\/\/yoast.com\/wordpress\/plugins\/seo\/ -->\n<title>Contacte - C\u00e0mping - P\u00e0del Vila Village<\/title>\n<meta name=\"robots\" content=\"index, follow, max-snippet:-1, max-image-preview:large, max-video-preview:-1\" \/>\n<link rel=\"canonical\" href=\"https:\/\/vilavillage.com\/contacta\/\" \/>\n<meta property=\"og:locale\" content=\"ca_ES\" \/>\n<meta property=\"og:type\" content=\"article\" \/>\n<meta property=\"og:title\" content=\"Contacte - C\u00e0mping - P\u00e0del Vila Village\" \/>\n<meta property=\"og:description\" content=\"Tens dubtes? Contacta amb nosaltres Localitzaci\u00f3 Carretera Comarcal 35 KM, 67. Hostalric (17451) Girona Tel\u00e8fon 647 72 30 01 Email info@vilavillage.com Segueix-nos Facebook-f Instagram Envia&#8217;ns un missatge Omple el seg\u00fcent formulari i ens posarem en contacte amb tu el m\u00e9s aviat possible.\" \/>\n<meta property=\"og:url\" content=\"https:\/\/vilavillage.com\/contacta\/\" \/>\n<meta property=\"og:site_name\" content=\"C\u00e0mping - P\u00e0del Vila Village\" \/>\n<meta property=\"article:modified_time\" content=\"2025-11-11T19:54:54+00:00\" \/>\n<meta name=\"twitter:card\" content=\"summary_large_image\" \/>\n<meta name=\"twitter:label1\" content=\"Temps estimat de lectura\" \/>\n\t<meta name=\"twitter:data1\" content=\"1 minut\" \/>\n<script type=\"application\/ld+json\" class=\"yoast-schema-graph\">{\"@context\":\"https:\/\/schema.org\",\"@graph\":[{\"@type\":\"WebPage\",\"@id\":\"https:\/\/vilavillage.com\/contacta\/\",\"url\":\"https:\/\/vilavillage.com\/contacta\/\",\"name\":\"Contacte - C\u00e0mping - P\u00e0del Vila Village\",\"isPartOf\":{\"@id\":\"https:\/\/vilavillage.com\/#website\"},\"datePublished\":\"2023-03-14T09:02:04+00:00\",\"dateModified\":\"2025-11-11T19:54:54+00:00\",\"breadcrumb\":{\"@id\":\"https:\/\/vilavillage.com\/contacta\/#breadcrumb\"},\"inLanguage\":\"ca\",\"potentialAction\":[{\"@type\":\"ReadAction\",\"target\":[\"https:\/\/vilavillage.com\/contacta\/\"]}]},{\"@type\":\"BreadcrumbList\",\"@id\":\"https:\/\/vilavillage.com\/contacta\/#breadcrumb\",\"itemListElement\":[{\"@type\":\"ListItem\",\"position\":1,\"name\":\"Portada\",\"item\":\"https:\/\/vilavillage.com\/ca\/\"},{\"@type\":\"ListItem\",\"position\":2,\"name\":\"Contacte\"}]},{\"@type\":\"WebSite\",\"@id\":\"https:\/\/vilavillage.com\/#website\",\"url\":\"https:\/\/vilavillage.com\/\",\"name\":\"C\u00e0mping - P\u00e0del Vila Village\",\"description\":\"\",\"potentialAction\":[{\"@type\":\"SearchAction\",\"target\":{\"@type\":\"EntryPoint\",\"urlTemplate\":\"https:\/\/vilavillage.com\/?s={search_term_string}\"},\"query-input\":{\"@type\":\"PropertyValueSpecification\",\"valueRequired\":true,\"valueName\":\"search_term_string\"}}],\"inLanguage\":\"ca\"}]}<\/script>\n<!-- \/ Yoast SEO plugin. -->","yoast_head_json":{"title":"Contacte - C\u00e0mping - P\u00e0del Vila Village","robots":{"index":"index","follow":"follow","max-snippet":"max-snippet:-1","max-image-preview":"max-image-preview:large","max-video-preview":"max-video-preview:-1"},"canonical":"https:\/\/vilavillage.com\/contacta\/","og_locale":"ca_ES","og_type":"article","og_title":"Contacte - C\u00e0mping - P\u00e0del Vila Village","og_description":"Tens dubtes? Contacta amb nosaltres Localitzaci\u00f3 Carretera Comarcal 35 KM, 67. Hostalric (17451) Girona Tel\u00e8fon 647 72 30 01 Email info@vilavillage.com Segueix-nos Facebook-f Instagram Envia&#8217;ns un missatge Omple el seg\u00fcent formulari i ens posarem en contacte amb tu el m\u00e9s aviat possible.","og_url":"https:\/\/vilavillage.com\/contacta\/","og_site_name":"C\u00e0mping - P\u00e0del Vila Village","article_modified_time":"2025-11-11T19:54:54+00:00","twitter_card":"summary_large_image","twitter_misc":{"Temps estimat de lectura":"1 minut"},"schema":{"@context":"https:\/\/schema.org","@graph":[{"@type":"WebPage","@id":"https:\/\/vilavillage.com\/contacta\/","url":"https:\/\/vilavillage.com\/contacta\/","name":"Contacte - C\u00e0mping - P\u00e0del Vila Village","isPartOf":{"@id":"https:\/\/vilavillage.com\/#website"},"datePublished":"2023-03-14T09:02:04+00:00","dateModified":"2025-11-11T19:54:54+00:00","breadcrumb":{"@id":"https:\/\/vilavillage.com\/contacta\/#breadcrumb"},"inLanguage":"ca","potentialAction":[{"@type":"ReadAction","target":["https:\/\/vilavillage.com\/contacta\/"]}]},{"@type":"BreadcrumbList","@id":"https:\/\/vilavillage.com\/contacta\/#breadcrumb","itemListElement":[{"@type":"ListItem","position":1,"name":"Portada","item":"https:\/\/vilavillage.com\/ca\/"},{"@type":"ListItem","position":2,"name":"Contacte"}]},{"@type":"WebSite","@id":"https:\/\/vilavillage.com\/#website","url":"https:\/\/vilavillage.com\/","name":"C\u00e0mping - P\u00e0del Vila Village","description":"","potentialAction":[{"@type":"SearchAction","target":{"@type":"EntryPoint","urlTemplate":"https:\/\/vilavillage.com\/?s={search_term_string}"},"query-input":{"@type":"PropertyValueSpecification","valueRequired":true,"valueName":"search_term_string"}}],"inLanguage":"ca"}]}},"_links":{"self":[{"href":"https:\/\/vilavillage.com\/ca\/wp-json\/wp\/v2\/pages\/6515","targetHints":{"allow":["GET"]}}],"collection":[{"href":"https:\/\/vilavillage.com\/ca\/wp-json\/wp\/v2\/pages"}],"about":[{"href":"https:\/\/vilavillage.com\/ca\/wp-json\/wp\/v2\/types\/page"}],"author":[{"embeddable":true,"href":"https:\/\/vilavillage.com\/ca\/wp-json\/wp\/v2\/users\/1"}],"replies":[{"embeddable":true,"href":"https:\/\/vilavillage.com\/ca\/wp-json\/wp\/v2\/comments?post=6515"}],"version-history":[{"count":11,"href":"https:\/\/vilavillage.com\/ca\/wp-json\/wp\/v2\/pages\/6515\/revisions"}],"predecessor-version":[{"id":6803,"href":"https:\/\/vilavillage.com\/ca\/wp-json\/wp\/v2\/pages\/6515\/revisions\/6803"}],"wp:attachment":[{"href":"https:\/\/vilavillage.com\/ca\/wp-json\/wp\/v2\/media?parent=6515"}],"curies":[{"name":"wp","href":"https:\/\/api.w.org\/{rel}","templated":true}]}}