{"id":6477,"date":"2025-08-11T00:41:53","date_gmt":"2025-08-10T22:41:53","guid":{"rendered":"https:\/\/vilavillage.com\/restaurante\/"},"modified":"2025-09-20T23:48:26","modified_gmt":"2025-09-20T21:48:26","slug":"restaurante","status":"publish","type":"page","link":"https:\/\/vilavillage.com\/ca\/restaurante\/","title":{"rendered":"Restaurante"},"content":{"rendered":"\t\t<div data-elementor-type=\"wp-page\" data-elementor-id=\"6477\" class=\"elementor elementor-6477 elementor-4925\" data-elementor-post-type=\"page\">\n\t\t\t\t<div class=\"elementor-element elementor-element-79a3bb1 e-con-full e-flex e-con e-parent\" data-id=\"79a3bb1\" data-element_type=\"container\" data-settings=\"{&quot;motion_fx_motion_fx_scrolling&quot;:&quot;yes&quot;,&quot;motion_fx_motion_fx_mouse&quot;:&quot;yes&quot;,&quot;background_background&quot;:&quot;classic&quot;,&quot;motion_fx_devices&quot;:[&quot;desktop&quot;,&quot;tablet&quot;,&quot;mobile&quot;]}\">\n\t\t\t\t<div class=\"elementor-element elementor-element-1dbe947 elementor-widget elementor-widget-slider_revolution\" data-id=\"1dbe947\" data-element_type=\"widget\" data-widget_type=\"slider_revolution.default\">\n\t\t\t\t\t\n\t\t<div class=\"wp-block-themepunch-revslider\">\n\t\t\t<!-- START Bar Restaurant REVOLUTION SLIDER 6.7.3 --><p class=\"rs-p-wp-fix\"><\/p>\n\t\t\t<rs-module-wrap id=\"rev_slider_103_1_wrapper\" data-source=\"gallery\" style=\"visibility:hidden;background:transparent;padding:0;margin:0px auto;margin-top:0;margin-bottom:0;\">\n\t\t\t\t<rs-module id=\"rev_slider_103_1\" style=\"\" data-version=\"6.7.3\">\n\t\t\t\t\t<rs-slides style=\"overflow: hidden; position: absolute;\">\n\t\t\t\t\t\t<rs-slide style=\"position: absolute;\" data-key=\"rs-298\" data-title=\"Slide\" data-anim=\"e:slidingoverlay;ms:2000;\" data-in=\"o:1;x:(100%);\" data-out=\"a:false;\">\n\t\t\t\t\t\t\t<img fetchpriority=\"high\" decoding=\"async\" src=\"\/\/vilavillage.com\/wp-content\/plugins\/revslider\/sr6\/assets\/assets\/dummy.png\" alt=\"\" title=\"IMG00409 (Mediana)\" width=\"1152\" height=\"768\" class=\"rev-slidebg tp-rs-img rs-lazyload\" data-lazyload=\"\/\/vilavillage.com\/wp-content\/uploads\/2025\/08\/IMG00409-Mediana.jpg\" data-bg=\"p:40% 60%;\" data-no-retina>\n<!--\n\t\t\t\t\t\t\t--><rs-layer\n\t\t\t\t\t\t\t\tid=\"slider-103-slide-298-layer-1\" \n\t\t\t\t\t\t\t\tclass=\"tp-shape tp-shapewrapper\"\n\t\t\t\t\t\t\t\tdata-type=\"shape\"\n\t\t\t\t\t\t\t\tdata-rsp_ch=\"on\"\n\t\t\t\t\t\t\t\tdata-xy=\"x:c;xo:2px;y:m;\"\n\t\t\t\t\t\t\t\tdata-text=\"fw:100;a:inherit;\"\n\t\t\t\t\t\t\t\tdata-dim=\"w:1920px;h:100%;\"\n\t\t\t\t\t\t\t\tdata-frame_1=\"sR:10;\"\n\t\t\t\t\t\t\t\tdata-frame_999=\"o:0;st:w;sR:8690;\"\n\t\t\t\t\t\t\t\tstyle=\"z-index:6;background-color:rgba(16,17,31,0.5);\"\n\t\t\t\t\t\t\t> \n\t\t\t\t\t\t\t<\/rs-layer><!--\n\n\t\t\t\t\t\t\t--><rs-layer\n\t\t\t\t\t\t\t\tid=\"slider-103-slide-298-layer-2\" \n\t\t\t\t\t\t\t\tdata-type=\"text\"\n\t\t\t\t\t\t\t\tdata-color=\"rgba(255, 204, 0, 0.62)||rgba(255, 204, 0, 0.62)||rgba(255, 255, 255, 0.1)||rgba(255, 204, 0, 0.6)\"\n\t\t\t\t\t\t\t\tdata-rsp_ch=\"on\"\n\t\t\t\t\t\t\t\tdata-xy=\"x:c;xo:-17px,-17px,0,0;yo:74px,74px,461px,43px;\"\n\t\t\t\t\t\t\t\tdata-text=\"s:120,120,257,60;l:120,120,22,60;ls:-6px,-6px,50px,0px;fw:800,800,400,600;a:center,center,inherit,center;\"\n\t\t\t\t\t\t\t\tdata-dim=\"w:auto,auto,auto,479px;\"\n\t\t\t\t\t\t\t\tdata-frame_0=\"x:left;o:1;\"\n\t\t\t\t\t\t\t\tdata-frame_1=\"st:1340;sp:1660;sR:1340;\"\n\t\t\t\t\t\t\t\tdata-frame_999=\"o:0;st:w;sR:6000;\"\n\t\t\t\t\t\t\t\tstyle=\"z-index:7;font-family:'Montserrat';\"\n\t\t\t\t\t\t\t>BAR<\/BR>RESTAURANT \n\t\t\t\t\t\t\t<\/rs-layer><!--\n-->\t\t\t\t\t<\/rs-slide>\n\t\t\t\t\t<\/rs-slides>\n\t\t\t\t<\/rs-module>\n\t\t\t\t<script>\n\t\t\t\t\tsetREVStartSize({c: 'rev_slider_103_1',rl:[1240,1024,778,480],el:[370,768,960,200],gw:[1240,1024,778,480],gh:[370,720,960,200],type:'standard',justify:'',layout:'fullwidth',mh:\"0\"});if (window.RS_MODULES!==undefined && window.RS_MODULES.modules!==undefined && window.RS_MODULES.modules[\"revslider1031\"]!==undefined) {window.RS_MODULES.modules[\"revslider1031\"].once = false;window.revapi103 = undefined;if (window.RS_MODULES.checkMinimal!==undefined) window.RS_MODULES.checkMinimal()}\n\t\t\t\t<\/script>\n\t\t\t<\/rs-module-wrap>\n\t\t\t<!-- END REVOLUTION SLIDER -->\n<\/div>\n\n\t\t\t\t\t\t<\/div>\n\t\t\t\t<\/div>\n\t\t\t\t<section class=\"elementor-section elementor-top-section elementor-element elementor-element-898d7b2 elementor-section-content-middle elementor-section-boxed elementor-section-height-default elementor-section-height-default\" data-id=\"898d7b2\" data-element_type=\"section\" data-settings=\"{&quot;background_background&quot;:&quot;classic&quot;}\">\n\t\t\t\t\t\t\t<div class=\"elementor-background-overlay\"><\/div>\n\t\t\t\t\t\t\t<div class=\"elementor-container elementor-column-gap-no\">\n\t\t\t\t\t<div class=\"elementor-column elementor-col-50 elementor-top-column elementor-element elementor-element-a63389d\" data-id=\"a63389d\" data-element_type=\"column\" data-settings=\"{&quot;background_background&quot;:&quot;classic&quot;}\">\n\t\t\t<div class=\"elementor-widget-wrap elementor-element-populated\">\n\t\t\t\t\t\t<div class=\"elementor-element elementor-element-dbde69e elementor-widget elementor-widget-vedhak_elementor_heading\" data-id=\"dbde69e\" data-element_type=\"widget\" data-widget_type=\"vedhak_elementor_heading.default\">\n\t\t\t\t<div class=\"elementor-widget-container\">\n\t\t\t\t\t\n\t\t\t<div class=\"ova-heading template1\">\n\n\t\t\t\t\n\t\t\t\t\t<h2 class=\"sub-title\">\n\n\t\t\t\t\t\t\n\t\t\t\t\t\t\n\t\t\t\t\t\tVine a dinar amb nosaltres\n\t\t\t\t\t<\/h2>\n\n\t\t\t\t\n\t\t\t\t\n\t\t\t\t\t\n\t\t\t\t\t\t<h3 class=\"title\"><span class=\"title-bold\">Bar Restaurant\n<\/span><span class=\"title-normal\">Montmar<\/span><\/h3>\n\n\t\t\t\t\t\n\n\t\t\t\t\t\t\t\t\t\n\t\t\t\t\n\t\t\t\t\n\t\t\t\t\t\n\t\t\t\t\n\t\t\t<\/div>\n\n\t\t\t\t\t\t<\/div>\n\t\t\t\t<\/div>\n\t\t\t\t<div class=\"elementor-element elementor-element-75daf96 elementor-icon-list--layout-traditional elementor-list-item-link-full_width elementor-widget elementor-widget-icon-list\" data-id=\"75daf96\" data-element_type=\"widget\" data-widget_type=\"icon-list.default\">\n\t\t\t\t\t\t\t<ul class=\"elementor-icon-list-items\">\n\t\t\t\t\t\t\t<li class=\"elementor-icon-list-item\">\n\t\t\t\t\t\t\t\t\t\t\t<span class=\"elementor-icon-list-icon\">\n\t\t\t\t\t\t\t<svg aria-hidden=\"true\" class=\"e-font-icon-svg e-fas-check-circle\" viewBox=\"0 0 512 512\" xmlns=\"http:\/\/www.w3.org\/2000\/svg\"><path d=\"M504 256c0 136.967-111.033 248-248 248S8 392.967 8 256 119.033 8 256 8s248 111.033 248 248zM227.314 387.314l184-184c6.248-6.248 6.248-16.379 0-22.627l-22.627-22.627c-6.248-6.249-16.379-6.249-22.628 0L216 308.118l-70.059-70.059c-6.248-6.248-16.379-6.248-22.628 0l-22.627 22.627c-6.248 6.248-6.248 16.379 0 22.627l104 104c6.249 6.249 16.379 6.249 22.628.001z\"><\/path><\/svg>\t\t\t\t\t\t<\/span>\n\t\t\t\t\t\t\t\t\t\t<span class=\"elementor-icon-list-text\">Men\u00fa diari 15\u20ac <\/span>\n\t\t\t\t\t\t\t\t\t<\/li>\n\t\t\t\t\t\t\t\t<li class=\"elementor-icon-list-item\">\n\t\t\t\t\t\t\t\t\t\t\t<span class=\"elementor-icon-list-icon\">\n\t\t\t\t\t\t\t<svg aria-hidden=\"true\" class=\"e-font-icon-svg e-fas-check-circle\" viewBox=\"0 0 512 512\" xmlns=\"http:\/\/www.w3.org\/2000\/svg\"><path d=\"M504 256c0 136.967-111.033 248-248 248S8 392.967 8 256 119.033 8 256 8s248 111.033 248 248zM227.314 387.314l184-184c6.248-6.248 6.248-16.379 0-22.627l-22.627-22.627c-6.248-6.249-16.379-6.249-22.628 0L216 308.118l-70.059-70.059c-6.248-6.248-16.379-6.248-22.628 0l-22.627 22.627c-6.248 6.248-6.248 16.379 0 22.627l104 104c6.249 6.249 16.379 6.249 22.628.001z\"><\/path><\/svg>\t\t\t\t\t\t<\/span>\n\t\t\t\t\t\t\t\t\t\t<span class=\"elementor-icon-list-text\">Primer Plat<\/span>\n\t\t\t\t\t\t\t\t\t<\/li>\n\t\t\t\t\t\t\t\t<li class=\"elementor-icon-list-item\">\n\t\t\t\t\t\t\t\t\t\t\t<span class=\"elementor-icon-list-icon\">\n\t\t\t\t\t\t\t<svg aria-hidden=\"true\" class=\"e-font-icon-svg e-fas-check-circle\" viewBox=\"0 0 512 512\" xmlns=\"http:\/\/www.w3.org\/2000\/svg\"><path d=\"M504 256c0 136.967-111.033 248-248 248S8 392.967 8 256 119.033 8 256 8s248 111.033 248 248zM227.314 387.314l184-184c6.248-6.248 6.248-16.379 0-22.627l-22.627-22.627c-6.248-6.249-16.379-6.249-22.628 0L216 308.118l-70.059-70.059c-6.248-6.248-16.379-6.248-22.628 0l-22.627 22.627c-6.248 6.248-6.248 16.379 0 22.627l104 104c6.249 6.249 16.379 6.249 22.628.001z\"><\/path><\/svg>\t\t\t\t\t\t<\/span>\n\t\t\t\t\t\t\t\t\t\t<span class=\"elementor-icon-list-text\">Segon Plat<\/span>\n\t\t\t\t\t\t\t\t\t<\/li>\n\t\t\t\t\t\t\t\t<li class=\"elementor-icon-list-item\">\n\t\t\t\t\t\t\t\t\t\t\t<span class=\"elementor-icon-list-icon\">\n\t\t\t\t\t\t\t<svg aria-hidden=\"true\" class=\"e-font-icon-svg e-fas-check-circle\" viewBox=\"0 0 512 512\" xmlns=\"http:\/\/www.w3.org\/2000\/svg\"><path d=\"M504 256c0 136.967-111.033 248-248 248S8 392.967 8 256 119.033 8 256 8s248 111.033 248 248zM227.314 387.314l184-184c6.248-6.248 6.248-16.379 0-22.627l-22.627-22.627c-6.248-6.249-16.379-6.249-22.628 0L216 308.118l-70.059-70.059c-6.248-6.248-16.379-6.248-22.628 0l-22.627 22.627c-6.248 6.248-6.248 16.379 0 22.627l104 104c6.249 6.249 16.379 6.249 22.628.001z\"><\/path><\/svg>\t\t\t\t\t\t<\/span>\n\t\t\t\t\t\t\t\t\t\t<span class=\"elementor-icon-list-text\">Postre, vi, gasosa o aig\u00fca\u200b<\/span>\n\t\t\t\t\t\t\t\t\t<\/li>\n\t\t\t\t\t\t\t\t<li class=\"elementor-icon-list-item\">\n\t\t\t\t\t\t\t\t\t\t\t<span class=\"elementor-icon-list-icon\">\n\t\t\t\t\t\t\t<svg aria-hidden=\"true\" class=\"e-font-icon-svg e-fas-check-circle\" viewBox=\"0 0 512 512\" xmlns=\"http:\/\/www.w3.org\/2000\/svg\"><path d=\"M504 256c0 136.967-111.033 248-248 248S8 392.967 8 256 119.033 8 256 8s248 111.033 248 248zM227.314 387.314l184-184c6.248-6.248 6.248-16.379 0-22.627l-22.627-22.627c-6.248-6.249-16.379-6.249-22.628 0L216 308.118l-70.059-70.059c-6.248-6.248-16.379-6.248-22.628 0l-22.627 22.627c-6.248 6.248-6.248 16.379 0 22.627l104 104c6.249 6.249 16.379 6.249 22.628.001z\"><\/path><\/svg>\t\t\t\t\t\t<\/span>\n\t\t\t\t\t\t\t\t\t\t<span class=\"elementor-icon-list-text\">De 10:00h a 20:00h del 1 de juny al 11 de setembre\u200b<\/span>\n\t\t\t\t\t\t\t\t\t<\/li>\n\t\t\t\t\t\t\t\t<li class=\"elementor-icon-list-item\">\n\t\t\t\t\t\t\t\t\t\t\t<span class=\"elementor-icon-list-icon\">\n\t\t\t\t\t\t\t<svg aria-hidden=\"true\" class=\"e-font-icon-svg e-fas-check-circle\" viewBox=\"0 0 512 512\" xmlns=\"http:\/\/www.w3.org\/2000\/svg\"><path d=\"M504 256c0 136.967-111.033 248-248 248S8 392.967 8 256 119.033 8 256 8s248 111.033 248 248zM227.314 387.314l184-184c6.248-6.248 6.248-16.379 0-22.627l-22.627-22.627c-6.248-6.249-16.379-6.249-22.628 0L216 308.118l-70.059-70.059c-6.248-6.248-16.379-6.248-22.628 0l-22.627 22.627c-6.248 6.248-6.248 16.379 0 22.627l104 104c6.249 6.249 16.379 6.249 22.628.001z\"><\/path><\/svg>\t\t\t\t\t\t<\/span>\n\t\t\t\t\t\t\t\t\t\t<span class=\"elementor-icon-list-text\">Reserves per a grups<\/span>\n\t\t\t\t\t\t\t\t\t<\/li>\n\t\t\t\t\t\t\t\t<li class=\"elementor-icon-list-item\">\n\t\t\t\t\t\t\t\t\t\t\t<span class=\"elementor-icon-list-icon\">\n\t\t\t\t\t\t\t<svg aria-hidden=\"true\" class=\"e-font-icon-svg e-fas-check-circle\" viewBox=\"0 0 512 512\" xmlns=\"http:\/\/www.w3.org\/2000\/svg\"><path d=\"M504 256c0 136.967-111.033 248-248 248S8 392.967 8 256 119.033 8 256 8s248 111.033 248 248zM227.314 387.314l184-184c6.248-6.248 6.248-16.379 0-22.627l-22.627-22.627c-6.248-6.249-16.379-6.249-22.628 0L216 308.118l-70.059-70.059c-6.248-6.248-16.379-6.248-22.628 0l-22.627 22.627c-6.248 6.248-6.248 16.379 0 22.627l104 104c6.249 6.249 16.379 6.249 22.628.001z\"><\/path><\/svg>\t\t\t\t\t\t<\/span>\n\t\t\t\t\t\t\t\t\t\t<span class=\"elementor-icon-list-text\">Cel\u00b7lebracions i esdeveniments<\/span>\n\t\t\t\t\t\t\t\t\t<\/li>\n\t\t\t\t\t\t\t\t<li class=\"elementor-icon-list-item\">\n\t\t\t\t\t\t\t\t\t\t\t<span class=\"elementor-icon-list-icon\">\n\t\t\t\t\t\t\t<svg aria-hidden=\"true\" class=\"e-font-icon-svg e-fas-check-circle\" viewBox=\"0 0 512 512\" xmlns=\"http:\/\/www.w3.org\/2000\/svg\"><path d=\"M504 256c0 136.967-111.033 248-248 248S8 392.967 8 256 119.033 8 256 8s248 111.033 248 248zM227.314 387.314l184-184c6.248-6.248 6.248-16.379 0-22.627l-22.627-22.627c-6.248-6.249-16.379-6.249-22.628 0L216 308.118l-70.059-70.059c-6.248-6.248-16.379-6.248-22.628 0l-22.627 22.627c-6.248 6.248-6.248 16.379 0 22.627l104 104c6.249 6.249 16.379 6.249 22.628.001z\"><\/path><\/svg>\t\t\t\t\t\t<\/span>\n\t\t\t\t\t\t\t\t\t\t<span class=\"elementor-icon-list-text\">Obert tot l'any<\/span>\n\t\t\t\t\t\t\t\t\t<\/li>\n\t\t\t\t\t\t<\/ul>\n\t\t\t\t\t\t<\/div>\n\t\t\t\t\t<\/div>\n\t\t<\/div>\n\t\t\t\t<div class=\"elementor-column elementor-col-50 elementor-top-column elementor-element elementor-element-511fc6a\" data-id=\"511fc6a\" data-element_type=\"column\" data-settings=\"{&quot;background_background&quot;:&quot;slideshow&quot;,&quot;background_slideshow_gallery&quot;:[{&quot;id&quot;:4863,&quot;url&quot;:&quot;https:\\\/\\\/vilavillage.com\\\/wp-content\\\/uploads\\\/2025\\\/08\\\/Restaurant4.png&quot;},{&quot;id&quot;:4864,&quot;url&quot;:&quot;https:\\\/\\\/vilavillage.com\\\/wp-content\\\/uploads\\\/2025\\\/08\\\/Restaurant3.png&quot;},{&quot;id&quot;:4846,&quot;url&quot;:&quot;https:\\\/\\\/vilavillage.com\\\/wp-content\\\/uploads\\\/2025\\\/08\\\/Restaurant2-1.png&quot;},{&quot;id&quot;:5370,&quot;url&quot;:&quot;https:\\\/\\\/vilavillage.com\\\/wp-content\\\/uploads\\\/2025\\\/09\\\/IMG-20250901-WA0027.jpg&quot;},{&quot;id&quot;:5371,&quot;url&quot;:&quot;https:\\\/\\\/vilavillage.com\\\/wp-content\\\/uploads\\\/2025\\\/09\\\/IMG-20250901-WA0028.jpg&quot;},{&quot;id&quot;:5374,&quot;url&quot;:&quot;https:\\\/\\\/vilavillage.com\\\/wp-content\\\/uploads\\\/2025\\\/09\\\/IMG-20250901-WA0023.jpg&quot;},{&quot;id&quot;:5375,&quot;url&quot;:&quot;https:\\\/\\\/vilavillage.com\\\/wp-content\\\/uploads\\\/2025\\\/09\\\/IMG-20250901-WA0024.jpg&quot;},{&quot;id&quot;:5376,&quot;url&quot;:&quot;https:\\\/\\\/vilavillage.com\\\/wp-content\\\/uploads\\\/2025\\\/09\\\/IMG-20250901-WA0025.jpg&quot;},{&quot;id&quot;:5377,&quot;url&quot;:&quot;https:\\\/\\\/vilavillage.com\\\/wp-content\\\/uploads\\\/2025\\\/09\\\/IMG-20250901-WA0026.jpg&quot;},{&quot;id&quot;:5378,&quot;url&quot;:&quot;https:\\\/\\\/vilavillage.com\\\/wp-content\\\/uploads\\\/2025\\\/09\\\/IMG-20250901-WA0019.jpg&quot;},{&quot;id&quot;:5379,&quot;url&quot;:&quot;https:\\\/\\\/vilavillage.com\\\/wp-content\\\/uploads\\\/2025\\\/09\\\/IMG-20250901-WA0021.jpg&quot;},{&quot;id&quot;:5380,&quot;url&quot;:&quot;https:\\\/\\\/vilavillage.com\\\/wp-content\\\/uploads\\\/2025\\\/09\\\/IMG-20250901-WA0022.jpg&quot;},{&quot;id&quot;:5386,&quot;url&quot;:&quot;https:\\\/\\\/vilavillage.com\\\/wp-content\\\/uploads\\\/2025\\\/09\\\/IMG-20250901-WA0010.jpg&quot;},{&quot;id&quot;:5387,&quot;url&quot;:&quot;https:\\\/\\\/vilavillage.com\\\/wp-content\\\/uploads\\\/2025\\\/09\\\/IMG-20250901-WA0011.jpg&quot;},{&quot;id&quot;:5388,&quot;url&quot;:&quot;https:\\\/\\\/vilavillage.com\\\/wp-content\\\/uploads\\\/2025\\\/09\\\/IMG-20250901-WA0012.jpg&quot;},{&quot;id&quot;:5389,&quot;url&quot;:&quot;https:\\\/\\\/vilavillage.com\\\/wp-content\\\/uploads\\\/2025\\\/09\\\/IMG-20250901-WA0013.jpg&quot;},{&quot;id&quot;:5390,&quot;url&quot;:&quot;https:\\\/\\\/vilavillage.com\\\/wp-content\\\/uploads\\\/2025\\\/09\\\/IMG-20250901-WA0008.jpg&quot;},{&quot;id&quot;:5391,&quot;url&quot;:&quot;https:\\\/\\\/vilavillage.com\\\/wp-content\\\/uploads\\\/2025\\\/09\\\/IMG-20250901-WA0005.jpg&quot;},{&quot;id&quot;:5392,&quot;url&quot;:&quot;https:\\\/\\\/vilavillage.com\\\/wp-content\\\/uploads\\\/2025\\\/09\\\/IMG-20250901-WA0006.jpg&quot;},{&quot;id&quot;:5393,&quot;url&quot;:&quot;https:\\\/\\\/vilavillage.com\\\/wp-content\\\/uploads\\\/2025\\\/09\\\/IMG-20250901-WA0007.jpg&quot;},{&quot;id&quot;:5394,&quot;url&quot;:&quot;https:\\\/\\\/vilavillage.com\\\/wp-content\\\/uploads\\\/2025\\\/09\\\/IMG-20250901-WA0009.jpg&quot;}],&quot;background_slideshow_ken_burns&quot;:&quot;yes&quot;,&quot;background_slideshow_loop&quot;:&quot;yes&quot;,&quot;background_slideshow_slide_duration&quot;:5000,&quot;background_slideshow_slide_transition&quot;:&quot;fade&quot;,&quot;background_slideshow_transition_duration&quot;:500,&quot;background_slideshow_ken_burns_zoom_direction&quot;:&quot;in&quot;}\">\n\t\t\t<div class=\"elementor-widget-wrap elementor-element-populated\">\n\t\t\t\t\t\t<div class=\"elementor-element elementor-element-1be1de7 elementor-widget elementor-widget-spacer\" data-id=\"1be1de7\" data-element_type=\"widget\" data-widget_type=\"spacer.default\">\n\t\t\t\t\t\t\t<div class=\"elementor-spacer\">\n\t\t\t<div class=\"elementor-spacer-inner\"><\/div>\n\t\t<\/div>\n\t\t\t\t\t\t<\/div>\n\t\t\t\t\t<\/div>\n\t\t<\/div>\n\t\t\t\t\t<\/div>\n\t\t<\/section>\n\t\t\t\t<\/div>\n\t\t","protected":false},"excerpt":{"rendered":"<p>Vine a dinar amb nosaltres Bar Restaurant Montmar Men\u00fa diari 15\u20ac Primer Plat Segon Plat Postre, vi, gasosa o aig\u00fca\u200b De 10:00h a 20:00h del 1 de juny al 11 de setembre\u200b Reserves per a grups Cel\u00b7lebracions i esdeveniments Obert tot l&#8217;any<\/p>\n","protected":false},"author":1,"featured_media":0,"parent":0,"menu_order":0,"comment_status":"closed","ping_status":"closed","template":"elementor_header_footer","meta":{"_joinchat":[],"footnotes":""},"class_list":["post-6477","page","type-page","status-publish","hentry"],"yoast_head":"<!-- This site is optimized with the Yoast SEO plugin v25.9 - https:\/\/yoast.com\/wordpress\/plugins\/seo\/ -->\n<title>Restaurante - C\u00e0mping - P\u00e0del Vila Village<\/title>\n<meta name=\"robots\" content=\"index, follow, max-snippet:-1, max-image-preview:large, max-video-preview:-1\" \/>\n<link rel=\"canonical\" href=\"https:\/\/vilavillage.com\/restaurante\/\" \/>\n<meta property=\"og:locale\" content=\"ca_ES\" \/>\n<meta property=\"og:type\" content=\"article\" \/>\n<meta property=\"og:title\" content=\"Restaurante - C\u00e0mping - P\u00e0del Vila Village\" \/>\n<meta property=\"og:description\" content=\"Vine a dinar amb nosaltres Bar Restaurant Montmar Men\u00fa diari 15\u20ac Primer Plat Segon Plat Postre, vi, gasosa o aig\u00fca\u200b De 10:00h a 20:00h del 1 de juny al 11 de setembre\u200b Reserves per a grups Cel\u00b7lebracions i esdeveniments Obert tot l&#8217;any\" \/>\n<meta property=\"og:url\" content=\"https:\/\/vilavillage.com\/restaurante\/\" \/>\n<meta property=\"og:site_name\" content=\"C\u00e0mping - P\u00e0del Vila Village\" \/>\n<meta property=\"article:modified_time\" content=\"2025-09-20T21:48:26+00:00\" \/>\n<meta name=\"twitter:card\" content=\"summary_large_image\" \/>\n<meta name=\"twitter:label1\" content=\"Temps estimat de lectura\" \/>\n\t<meta name=\"twitter:data1\" content=\"1 minut\" \/>\n<script type=\"application\/ld+json\" class=\"yoast-schema-graph\">{\"@context\":\"https:\/\/schema.org\",\"@graph\":[{\"@type\":\"WebPage\",\"@id\":\"https:\/\/vilavillage.com\/restaurante\/\",\"url\":\"https:\/\/vilavillage.com\/restaurante\/\",\"name\":\"Restaurante - C\u00e0mping - P\u00e0del Vila Village\",\"isPartOf\":{\"@id\":\"https:\/\/vilavillage.com\/#website\"},\"datePublished\":\"2025-08-10T22:41:53+00:00\",\"dateModified\":\"2025-09-20T21:48:26+00:00\",\"breadcrumb\":{\"@id\":\"https:\/\/vilavillage.com\/restaurante\/#breadcrumb\"},\"inLanguage\":\"ca\",\"potentialAction\":[{\"@type\":\"ReadAction\",\"target\":[\"https:\/\/vilavillage.com\/restaurante\/\"]}]},{\"@type\":\"BreadcrumbList\",\"@id\":\"https:\/\/vilavillage.com\/restaurante\/#breadcrumb\",\"itemListElement\":[{\"@type\":\"ListItem\",\"position\":1,\"name\":\"Portada\",\"item\":\"https:\/\/vilavillage.com\/ca\/\"},{\"@type\":\"ListItem\",\"position\":2,\"name\":\"Restaurante\"}]},{\"@type\":\"WebSite\",\"@id\":\"https:\/\/vilavillage.com\/#website\",\"url\":\"https:\/\/vilavillage.com\/\",\"name\":\"C\u00e0mping - P\u00e0del Vila Village\",\"description\":\"\",\"potentialAction\":[{\"@type\":\"SearchAction\",\"target\":{\"@type\":\"EntryPoint\",\"urlTemplate\":\"https:\/\/vilavillage.com\/?s={search_term_string}\"},\"query-input\":{\"@type\":\"PropertyValueSpecification\",\"valueRequired\":true,\"valueName\":\"search_term_string\"}}],\"inLanguage\":\"ca\"}]}<\/script>\n<!-- \/ Yoast SEO plugin. -->","yoast_head_json":{"title":"Restaurante - C\u00e0mping - P\u00e0del Vila Village","robots":{"index":"index","follow":"follow","max-snippet":"max-snippet:-1","max-image-preview":"max-image-preview:large","max-video-preview":"max-video-preview:-1"},"canonical":"https:\/\/vilavillage.com\/restaurante\/","og_locale":"ca_ES","og_type":"article","og_title":"Restaurante - C\u00e0mping - P\u00e0del Vila Village","og_description":"Vine a dinar amb nosaltres Bar Restaurant Montmar Men\u00fa diari 15\u20ac Primer Plat Segon Plat Postre, vi, gasosa o aig\u00fca\u200b De 10:00h a 20:00h del 1 de juny al 11 de setembre\u200b Reserves per a grups Cel\u00b7lebracions i esdeveniments Obert tot l&#8217;any","og_url":"https:\/\/vilavillage.com\/restaurante\/","og_site_name":"C\u00e0mping - P\u00e0del Vila Village","article_modified_time":"2025-09-20T21:48:26+00:00","twitter_card":"summary_large_image","twitter_misc":{"Temps estimat de lectura":"1 minut"},"schema":{"@context":"https:\/\/schema.org","@graph":[{"@type":"WebPage","@id":"https:\/\/vilavillage.com\/restaurante\/","url":"https:\/\/vilavillage.com\/restaurante\/","name":"Restaurante - C\u00e0mping - P\u00e0del Vila Village","isPartOf":{"@id":"https:\/\/vilavillage.com\/#website"},"datePublished":"2025-08-10T22:41:53+00:00","dateModified":"2025-09-20T21:48:26+00:00","breadcrumb":{"@id":"https:\/\/vilavillage.com\/restaurante\/#breadcrumb"},"inLanguage":"ca","potentialAction":[{"@type":"ReadAction","target":["https:\/\/vilavillage.com\/restaurante\/"]}]},{"@type":"BreadcrumbList","@id":"https:\/\/vilavillage.com\/restaurante\/#breadcrumb","itemListElement":[{"@type":"ListItem","position":1,"name":"Portada","item":"https:\/\/vilavillage.com\/ca\/"},{"@type":"ListItem","position":2,"name":"Restaurante"}]},{"@type":"WebSite","@id":"https:\/\/vilavillage.com\/#website","url":"https:\/\/vilavillage.com\/","name":"C\u00e0mping - P\u00e0del Vila Village","description":"","potentialAction":[{"@type":"SearchAction","target":{"@type":"EntryPoint","urlTemplate":"https:\/\/vilavillage.com\/?s={search_term_string}"},"query-input":{"@type":"PropertyValueSpecification","valueRequired":true,"valueName":"search_term_string"}}],"inLanguage":"ca"}]}},"_links":{"self":[{"href":"https:\/\/vilavillage.com\/ca\/wp-json\/wp\/v2\/pages\/6477","targetHints":{"allow":["GET"]}}],"collection":[{"href":"https:\/\/vilavillage.com\/ca\/wp-json\/wp\/v2\/pages"}],"about":[{"href":"https:\/\/vilavillage.com\/ca\/wp-json\/wp\/v2\/types\/page"}],"author":[{"embeddable":true,"href":"https:\/\/vilavillage.com\/ca\/wp-json\/wp\/v2\/users\/1"}],"replies":[{"embeddable":true,"href":"https:\/\/vilavillage.com\/ca\/wp-json\/wp\/v2\/comments?post=6477"}],"version-history":[{"count":4,"href":"https:\/\/vilavillage.com\/ca\/wp-json\/wp\/v2\/pages\/6477\/revisions"}],"predecessor-version":[{"id":6502,"href":"https:\/\/vilavillage.com\/ca\/wp-json\/wp\/v2\/pages\/6477\/revisions\/6502"}],"wp:attachment":[{"href":"https:\/\/vilavillage.com\/ca\/wp-json\/wp\/v2\/media?parent=6477"}],"curies":[{"name":"wp","href":"https:\/\/api.w.org\/{rel}","templated":true}]}}