{"id":6472,"date":"2025-08-01T23:45:13","date_gmt":"2025-08-01T21:45:13","guid":{"rendered":"https:\/\/vilavillage.com\/reserva-pista\/"},"modified":"2025-10-31T14:30:54","modified_gmt":"2025-10-31T13:30:54","slug":"reserva-pista","status":"publish","type":"page","link":"https:\/\/vilavillage.com\/ca\/reservas\/reserva-pista\/","title":{"rendered":"Reserva Pista"},"content":{"rendered":"\t\t<div data-elementor-type=\"wp-page\" data-elementor-id=\"6472\" class=\"elementor elementor-6472 elementor-4058\" data-elementor-post-type=\"page\">\n\t\t\t\t<div class=\"elementor-element elementor-element-abcf7c9 e-con-full e-flex e-con e-parent\" data-id=\"abcf7c9\" data-element_type=\"container\" data-settings=\"{&quot;motion_fx_motion_fx_scrolling&quot;:&quot;yes&quot;,&quot;motion_fx_motion_fx_mouse&quot;:&quot;yes&quot;,&quot;motion_fx_devices&quot;:[&quot;desktop&quot;,&quot;tablet&quot;,&quot;mobile&quot;]}\">\n\t\t\t\t<div class=\"elementor-element elementor-element-8c22da0 elementor-widget elementor-widget-slider_revolution\" data-id=\"8c22da0\" data-element_type=\"widget\" data-widget_type=\"slider_revolution.default\">\n\t\t\t\t\t\n\t\t<div class=\"wp-block-themepunch-revslider\">\n\t\t\t<!-- START Padel REVOLUTION SLIDER 6.7.3 --><p class=\"rs-p-wp-fix\"><\/p>\n\t\t\t<rs-module-wrap id=\"rev_slider_102_1_wrapper\" data-source=\"gallery\" style=\"visibility:hidden;background:transparent;padding:0;margin:0px auto;margin-top:0;margin-bottom:0;\">\n\t\t\t\t<rs-module id=\"rev_slider_102_1\" style=\"\" data-version=\"6.7.3\">\n\t\t\t\t\t<rs-slides style=\"overflow: hidden; position: absolute;\">\n\t\t\t\t\t\t<rs-slide style=\"position: absolute;\" data-key=\"rs-297\" data-title=\"Slide\" data-anim=\"e:slidingoverlay;ms:2000;\" data-in=\"o:1;x:(100%);\" data-out=\"a:false;\">\n\t\t\t\t\t\t\t<img fetchpriority=\"high\" decoding=\"async\" src=\"\/\/vilavillage.com\/wp-content\/plugins\/revslider\/sr6\/assets\/assets\/dummy.png\" alt=\"\" title=\"IMG00332 (Mediana)\" width=\"1152\" height=\"768\" class=\"rev-slidebg tp-rs-img rs-lazyload\" data-lazyload=\"\/\/vilavillage.com\/wp-content\/uploads\/2025\/08\/IMG00332-Mediana.jpg\" data-bg=\"p:40% 40%;\" data-no-retina>\n<!--\n\t\t\t\t\t\t\t--><rs-layer\n\t\t\t\t\t\t\t\tid=\"slider-102-slide-297-layer-1\" \n\t\t\t\t\t\t\t\tclass=\"tp-shape tp-shapewrapper\"\n\t\t\t\t\t\t\t\tdata-type=\"shape\"\n\t\t\t\t\t\t\t\tdata-rsp_ch=\"on\"\n\t\t\t\t\t\t\t\tdata-xy=\"x:c;xo:2px;y:m;\"\n\t\t\t\t\t\t\t\tdata-text=\"fw:100;a:inherit;\"\n\t\t\t\t\t\t\t\tdata-dim=\"w:1920px;h:100%;\"\n\t\t\t\t\t\t\t\tdata-frame_1=\"sR:10;\"\n\t\t\t\t\t\t\t\tdata-frame_999=\"o:0;st:w;sR:8690;\"\n\t\t\t\t\t\t\t\tstyle=\"z-index:6;background-color:rgba(16,17,31,0.5);\"\n\t\t\t\t\t\t\t> \n\t\t\t\t\t\t\t<\/rs-layer><!--\n\n\t\t\t\t\t\t\t--><rs-layer\n\t\t\t\t\t\t\t\tid=\"slider-102-slide-297-layer-2\" \n\t\t\t\t\t\t\t\tdata-type=\"text\"\n\t\t\t\t\t\t\t\tdata-color=\"rgba(174, 224, 191, 0.67)||rgba(174, 224, 191, 0.67)||rgba(255, 255, 255, 0.1)||rgba(174, 224, 191, 0.67)\"\n\t\t\t\t\t\t\t\tdata-rsp_ch=\"on\"\n\t\t\t\t\t\t\t\tdata-xy=\"x:c;xo:-7px,-7px,0,-1px;yo:172px,172px,461px,69px;\"\n\t\t\t\t\t\t\t\tdata-text=\"s:205,205,257,75;l:22,22,22,60;ls:-6px,-6px,50px,2px;fw:800,800,400,600;a:center,center,inherit,inherit;\"\n\t\t\t\t\t\t\t\tdata-frame_0=\"x:left;o:1;\"\n\t\t\t\t\t\t\t\tdata-frame_1=\"st:1340;sp:1660;sR:1340;\"\n\t\t\t\t\t\t\t\tdata-frame_999=\"o:0;st:w;sR:6000;\"\n\t\t\t\t\t\t\t\tstyle=\"z-index:7;font-family:'Montserrat';\"\n\t\t\t\t\t\t\t>P\u00c1DEL \n\t\t\t\t\t\t\t<\/rs-layer><!--\n-->\t\t\t\t\t<\/rs-slide>\n\t\t\t\t\t<\/rs-slides>\n\t\t\t\t<\/rs-module>\n\t\t\t\t<script>\n\t\t\t\t\tsetREVStartSize({c: 'rev_slider_102_1',rl:[1240,1024,778,480],el:[370,768,960,200],gw:[1240,1024,778,480],gh:[370,720,960,200],type:'standard',justify:'',layout:'fullwidth',mh:\"0\"});if (window.RS_MODULES!==undefined && window.RS_MODULES.modules!==undefined && window.RS_MODULES.modules[\"revslider1021\"]!==undefined) {window.RS_MODULES.modules[\"revslider1021\"].once = false;window.revapi102 = undefined;if (window.RS_MODULES.checkMinimal!==undefined) window.RS_MODULES.checkMinimal()}\n\t\t\t\t<\/script>\n\t\t\t<\/rs-module-wrap>\n\t\t\t<!-- END REVOLUTION SLIDER -->\n<\/div>\n\n\t\t\t\t\t\t<\/div>\n\t\t\t\t<\/div>\n\t\t<div class=\"elementor-element elementor-element-a2f2a0b e-flex e-con-boxed e-con e-parent\" data-id=\"a2f2a0b\" data-element_type=\"container\" data-settings=\"{&quot;background_background&quot;:&quot;classic&quot;}\">\n\t\t\t\t\t<div class=\"e-con-inner\">\n\t\t\t\t<div class=\"elementor-element elementor-element-29d34a4 elementor-widget elementor-widget-vedhak_elementor_heading\" data-id=\"29d34a4\" data-element_type=\"widget\" data-widget_type=\"vedhak_elementor_heading.default\">\n\t\t\t\t<div class=\"elementor-widget-container\">\n\t\t\t\t\t\n\t\t\t<div class=\"ova-heading template1\">\n\n\t\t\t\t\n\t\t\t\t\n\t\t\t\t\t\n\t\t\t\t\t\t<h3 class=\"title\"><span class=\"title-bold\">RESERVA PISTA\n<\/span><span class=\"title-normal\"><\/span><\/h3>\n\n\t\t\t\t\t\n\n\t\t\t\t\t\t\t\t\t\n\t\t\t\t\n\t\t\t\t\n\t\t\t\t\t\t\t\t\t\t\t<p class=\"description\">Usuario: (Tu em@il) - Contrase\u00f1a: (Tu DNI) <\/p>\n\t\t\t\t\t\n\t\t\t\t\n\t\t\t<\/div>\n\n\t\t\t\t\t\t<\/div>\n\t\t\t\t<\/div>\n\t\t\t\t\t<\/div>\n\t\t\t\t<\/div>\n\t\t<div class=\"elementor-element elementor-element-07335f0 e-con-full e-flex e-con e-parent\" data-id=\"07335f0\" data-element_type=\"container\" data-settings=\"{&quot;background_background&quot;:&quot;classic&quot;}\">\n\t\t\t\t<div class=\"elementor-element elementor-element-5998bc1 elementor-hidden-tablet elementor-hidden-mobile elementor-widget elementor-widget-html\" data-id=\"5998bc1\" data-element_type=\"widget\" data-widget_type=\"html.default\">\n\t\t\t\t\t<script src=\"https:\/\/cdn.supersaas.net\/widget.js\"><\/script>\r\n<script class=\"supersaas-widget\">var supersaas = new SuperSaaS(\"591784:vilavillage\",\"787024:reservas\",{\"widget_type\":\"frame\",\"width\":\"1100px\",\"height\":\"1000px\",\"domain\":\"www.supersaas.es\"})<\/script>        \t\t\t\t<\/div>\n\t\t\t\t<div class=\"elementor-element elementor-element-f78f4b5 elementor-hidden-desktop elementor-widget elementor-widget-html\" data-id=\"f78f4b5\" data-element_type=\"widget\" data-widget_type=\"html.default\">\n\t\t\t\t\t<script src=\"https:\/\/cdn.supersaas.net\/widget.js\"><\/script>\r\n<script class=\"supersaas-widget\">var supersaas = new SuperSaaS(\"591784:vilavillage\",\"787024:reservas\",{\"widget_type\":\"frame\",\"width\":\"350px\",\"domain\":\"www.supersaas.es\"})<\/script>     \t\t\t\t<\/div>\n\t\t\t\t<\/div>\n\t\t\t\t<\/div>\n\t\t","protected":false},"excerpt":{"rendered":"<p>RESERVA PISTA Usuario: (Tu em@il) &#8211; Contrase\u00f1a: (Tu DNI)<\/p>\n","protected":false},"author":1,"featured_media":0,"parent":6668,"menu_order":0,"comment_status":"closed","ping_status":"closed","template":"elementor_header_footer","meta":{"_joinchat":[],"footnotes":""},"class_list":["post-6472","page","type-page","status-publish","hentry"],"yoast_head":"<!-- This site is optimized with the Yoast SEO plugin v25.9 - https:\/\/yoast.com\/wordpress\/plugins\/seo\/ -->\n<title>Reserva Pista - C\u00e0mping - P\u00e0del Vila Village<\/title>\n<meta name=\"robots\" content=\"index, follow, max-snippet:-1, max-image-preview:large, max-video-preview:-1\" \/>\n<link rel=\"canonical\" href=\"https:\/\/vilavillage.com\/reservas\/reserva-pista\/\" \/>\n<meta property=\"og:locale\" content=\"ca_ES\" \/>\n<meta property=\"og:type\" content=\"article\" \/>\n<meta property=\"og:title\" content=\"Reserva Pista - C\u00e0mping - P\u00e0del Vila Village\" \/>\n<meta property=\"og:description\" content=\"RESERVA PISTA Usuario: (Tu em@il) &#8211; Contrase\u00f1a: (Tu DNI)\" \/>\n<meta property=\"og:url\" content=\"https:\/\/vilavillage.com\/reservas\/reserva-pista\/\" \/>\n<meta property=\"og:site_name\" content=\"C\u00e0mping - P\u00e0del Vila Village\" \/>\n<meta property=\"article:modified_time\" content=\"2025-10-31T13:30:54+00:00\" \/>\n<meta name=\"twitter:card\" content=\"summary_large_image\" \/>\n<meta name=\"twitter:label1\" content=\"Temps estimat de lectura\" \/>\n\t<meta name=\"twitter:data1\" content=\"1 minut\" \/>\n<script type=\"application\/ld+json\" class=\"yoast-schema-graph\">{\"@context\":\"https:\/\/schema.org\",\"@graph\":[{\"@type\":\"WebPage\",\"@id\":\"https:\/\/vilavillage.com\/reservas\/reserva-pista\/\",\"url\":\"https:\/\/vilavillage.com\/reservas\/reserva-pista\/\",\"name\":\"Reserva Pista - C\u00e0mping - P\u00e0del Vila Village\",\"isPartOf\":{\"@id\":\"https:\/\/vilavillage.com\/#website\"},\"datePublished\":\"2025-08-01T21:45:13+00:00\",\"dateModified\":\"2025-10-31T13:30:54+00:00\",\"breadcrumb\":{\"@id\":\"https:\/\/vilavillage.com\/reservas\/reserva-pista\/#breadcrumb\"},\"inLanguage\":\"ca\",\"potentialAction\":[{\"@type\":\"ReadAction\",\"target\":[\"https:\/\/vilavillage.com\/reservas\/reserva-pista\/\"]}]},{\"@type\":\"BreadcrumbList\",\"@id\":\"https:\/\/vilavillage.com\/reservas\/reserva-pista\/#breadcrumb\",\"itemListElement\":[{\"@type\":\"ListItem\",\"position\":1,\"name\":\"Portada\",\"item\":\"https:\/\/vilavillage.com\/ca\/\"},{\"@type\":\"ListItem\",\"position\":2,\"name\":\"Reservas\",\"item\":\"https:\/\/vilavillage.com\/ca\/reservas\/\"},{\"@type\":\"ListItem\",\"position\":3,\"name\":\"Reserva Pista\"}]},{\"@type\":\"WebSite\",\"@id\":\"https:\/\/vilavillage.com\/#website\",\"url\":\"https:\/\/vilavillage.com\/\",\"name\":\"C\u00e0mping - P\u00e0del Vila Village\",\"description\":\"\",\"potentialAction\":[{\"@type\":\"SearchAction\",\"target\":{\"@type\":\"EntryPoint\",\"urlTemplate\":\"https:\/\/vilavillage.com\/?s={search_term_string}\"},\"query-input\":{\"@type\":\"PropertyValueSpecification\",\"valueRequired\":true,\"valueName\":\"search_term_string\"}}],\"inLanguage\":\"ca\"}]}<\/script>\n<!-- \/ Yoast SEO plugin. -->","yoast_head_json":{"title":"Reserva Pista - C\u00e0mping - P\u00e0del Vila Village","robots":{"index":"index","follow":"follow","max-snippet":"max-snippet:-1","max-image-preview":"max-image-preview:large","max-video-preview":"max-video-preview:-1"},"canonical":"https:\/\/vilavillage.com\/reservas\/reserva-pista\/","og_locale":"ca_ES","og_type":"article","og_title":"Reserva Pista - C\u00e0mping - P\u00e0del Vila Village","og_description":"RESERVA PISTA Usuario: (Tu em@il) &#8211; Contrase\u00f1a: (Tu DNI)","og_url":"https:\/\/vilavillage.com\/reservas\/reserva-pista\/","og_site_name":"C\u00e0mping - P\u00e0del Vila Village","article_modified_time":"2025-10-31T13:30:54+00:00","twitter_card":"summary_large_image","twitter_misc":{"Temps estimat de lectura":"1 minut"},"schema":{"@context":"https:\/\/schema.org","@graph":[{"@type":"WebPage","@id":"https:\/\/vilavillage.com\/reservas\/reserva-pista\/","url":"https:\/\/vilavillage.com\/reservas\/reserva-pista\/","name":"Reserva Pista - C\u00e0mping - P\u00e0del Vila Village","isPartOf":{"@id":"https:\/\/vilavillage.com\/#website"},"datePublished":"2025-08-01T21:45:13+00:00","dateModified":"2025-10-31T13:30:54+00:00","breadcrumb":{"@id":"https:\/\/vilavillage.com\/reservas\/reserva-pista\/#breadcrumb"},"inLanguage":"ca","potentialAction":[{"@type":"ReadAction","target":["https:\/\/vilavillage.com\/reservas\/reserva-pista\/"]}]},{"@type":"BreadcrumbList","@id":"https:\/\/vilavillage.com\/reservas\/reserva-pista\/#breadcrumb","itemListElement":[{"@type":"ListItem","position":1,"name":"Portada","item":"https:\/\/vilavillage.com\/ca\/"},{"@type":"ListItem","position":2,"name":"Reservas","item":"https:\/\/vilavillage.com\/ca\/reservas\/"},{"@type":"ListItem","position":3,"name":"Reserva Pista"}]},{"@type":"WebSite","@id":"https:\/\/vilavillage.com\/#website","url":"https:\/\/vilavillage.com\/","name":"C\u00e0mping - P\u00e0del Vila Village","description":"","potentialAction":[{"@type":"SearchAction","target":{"@type":"EntryPoint","urlTemplate":"https:\/\/vilavillage.com\/?s={search_term_string}"},"query-input":{"@type":"PropertyValueSpecification","valueRequired":true,"valueName":"search_term_string"}}],"inLanguage":"ca"}]}},"_links":{"self":[{"href":"https:\/\/vilavillage.com\/ca\/wp-json\/wp\/v2\/pages\/6472","targetHints":{"allow":["GET"]}}],"collection":[{"href":"https:\/\/vilavillage.com\/ca\/wp-json\/wp\/v2\/pages"}],"about":[{"href":"https:\/\/vilavillage.com\/ca\/wp-json\/wp\/v2\/types\/page"}],"author":[{"embeddable":true,"href":"https:\/\/vilavillage.com\/ca\/wp-json\/wp\/v2\/users\/1"}],"replies":[{"embeddable":true,"href":"https:\/\/vilavillage.com\/ca\/wp-json\/wp\/v2\/comments?post=6472"}],"version-history":[{"count":4,"href":"https:\/\/vilavillage.com\/ca\/wp-json\/wp\/v2\/pages\/6472\/revisions"}],"predecessor-version":[{"id":6793,"href":"https:\/\/vilavillage.com\/ca\/wp-json\/wp\/v2\/pages\/6472\/revisions\/6793"}],"up":[{"embeddable":true,"href":"https:\/\/vilavillage.com\/ca\/wp-json\/wp\/v2\/pages\/6668"}],"wp:attachment":[{"href":"https:\/\/vilavillage.com\/ca\/wp-json\/wp\/v2\/media?parent=6472"}],"curies":[{"name":"wp","href":"https:\/\/api.w.org\/{rel}","templated":true}]}}